{"id":146,"date":"2024-01-20T14:37:11","date_gmt":"2024-01-20T17:37:11","guid":{"rendered":"https:\/\/k01.com.br\/10k\/carrinho\/"},"modified":"2024-01-24T23:15:15","modified_gmt":"2024-01-25T02:15:15","slug":"carrinho","status":"publish","type":"page","link":"https:\/\/k01.com.br\/10k\/carrinho\/","title":{"rendered":"Carrinho"},"content":{"rendered":"<div data-block-name=\"woocommerce\/cart\" class=\"wp-block-woocommerce-cart alignwide is-loading\"><div data-block-name=\"woocommerce\/filled-cart-block\" class=\"wp-block-woocommerce-filled-cart-block\"><div data-block-name=\"woocommerce\/cart-items-block\" class=\"wp-block-woocommerce-cart-items-block\"><div data-block-name=\"woocommerce\/cart-line-items-block\" class=\"wp-block-woocommerce-cart-line-items-block\"><\/div>\n\n<div data-block-name=\"woocommerce\/cart-cross-sells-block\" class=\"wp-block-woocommerce-cart-cross-sells-block\"><h2 class=\"wp-block-heading has-large-font-size\">You may be interested in\u2026<\/h2>\n\n<div data-block-name=\"woocommerce\/cart-cross-sells-products-block\" class=\"wp-block-woocommerce-cart-cross-sells-products-block\"><\/div><\/div><\/div>\n\n<div data-block-name=\"woocommerce\/cart-totals-block\" class=\"wp-block-woocommerce-cart-totals-block\"><div data-block-name=\"woocommerce\/cart-order-summary-block\" class=\"wp-block-woocommerce-cart-order-summary-block\"><div data-block-name=\"woocommerce\/cart-order-summary-heading-block\" class=\"wp-block-woocommerce-cart-order-summary-heading-block\"><\/div><div data-block-name=\"woocommerce\/cart-order-summary-coupon-form-block\" class=\"wp-block-woocommerce-cart-order-summary-coupon-form-block\"><\/div><div data-block-name=\"woocommerce\/cart-order-summary-totals-block\" class=\"wp-block-woocommerce-cart-order-summary-totals-block\">\n<div data-block-name=\"woocommerce\/cart-order-summary-subtotal-block\" class=\"wp-block-woocommerce-cart-order-summary-subtotal-block\"><\/div>\n<div data-block-name=\"woocommerce\/cart-order-summary-discount-block\" class=\"wp-block-woocommerce-cart-order-summary-discount-block\"><\/div>\n<div data-block-name=\"woocommerce\/cart-order-summary-fee-block\" class=\"wp-block-woocommerce-cart-order-summary-fee-block\"><\/div>\n<div data-block-name=\"woocommerce\/cart-order-summary-shipping-block\" class=\"wp-block-woocommerce-cart-order-summary-shipping-block\"><\/div>\n<div data-block-name=\"woocommerce\/cart-order-summary-taxes-block\" class=\"wp-block-woocommerce-cart-order-summary-taxes-block\"><\/div><\/div><\/div>\n\n<div data-block-name=\"woocommerce\/cart-express-payment-block\" class=\"wp-block-woocommerce-cart-express-payment-block\"><\/div>\n\n<div data-block-name=\"woocommerce\/proceed-to-checkout-block\" class=\"wp-block-woocommerce-proceed-to-checkout-block\"><\/div>\n\n<div data-block-name=\"woocommerce\/cart-accepted-payment-methods-block\" class=\"wp-block-woocommerce-cart-accepted-payment-methods-block\"><\/div><\/div><\/div>\n\n<div data-block-name=\"woocommerce\/empty-cart-block\" class=\"wp-block-woocommerce-empty-cart-block\"><h2 class=\"wp-block-heading has-text-align-center with-empty-cart-icon wc-block-cart__empty-cart__title\">Seu carrinho est\u00e1 vazio no momento!<\/h2>\n\n<hr class=\"wp-block-separator has-alpha-channel-opacity is-style-dots\"\/>\n\n<h2 class=\"wp-block-heading has-text-align-center\">Novo na loja<\/h2>\n\n<div data-block-name=\"woocommerce\/product-new\" data-columns=\"4\" data-rows=\"1\" class=\"wc-block-grid wp-block-product-new wp-block-woocommerce-product-new wc-block-product-new has-4-columns\"><ul class=\"wc-block-grid__products\"><li class=\"wc-block-grid__product\">\n\t\t\t\t<a href=\"https:\/\/k01.com.br\/10k\/produto\/ebook-cover-designer-agent-assinatura-mensal\/\" class=\"wc-block-grid__product-link\">\n\t\t\t\t\t\n\t\t\t\t\t<div class=\"wc-block-grid__product-image\"><img fetchpriority=\"high\" decoding=\"async\" width=\"300\" height=\"300\" src=\"https:\/\/k01.com.br\/10k\/wp-content\/uploads\/2025\/11\/ChatGPT-Image-23-de-nov.-de-2025-21_04_22-300x300.png\" class=\"attachment-woocommerce_thumbnail size-woocommerce_thumbnail\" alt=\"Ebook Cover Designer Agent - Assinatura Mensal\" srcset=\"https:\/\/k01.com.br\/10k\/wp-content\/uploads\/2025\/11\/ChatGPT-Image-23-de-nov.-de-2025-21_04_22-300x300.png 300w, https:\/\/k01.com.br\/10k\/wp-content\/uploads\/2025\/11\/ChatGPT-Image-23-de-nov.-de-2025-21_04_22-150x150.png 150w, https:\/\/k01.com.br\/10k\/wp-content\/uploads\/2025\/11\/ChatGPT-Image-23-de-nov.-de-2025-21_04_22-70x70.png 70w, https:\/\/k01.com.br\/10k\/wp-content\/uploads\/2025\/11\/ChatGPT-Image-23-de-nov.-de-2025-21_04_22-100x100.png 100w\" sizes=\"(max-width: 300px) 100vw, 300px\" \/><\/div>\n\t\t\t\t\t<div class=\"wc-block-grid__product-title\">Ebook Cover Designer Agent &#8211; Assinatura Mensal<\/div>\n\t\t\t\t<\/a>\n\t\t\t\t<div class=\"wc-block-grid__product-price price\"><span class=\"woocommerce-Price-amount amount\"><span class=\"woocommerce-Price-currencySymbol\">&#082;&#036;<\/span>&nbsp;97,00<\/span><\/div>\n\t\t\t\t\n\t\t\t\t<div class=\"wp-block-button wc-block-grid__product-add-to-cart\"><a href=\"?add-to-cart=1999\" aria-label=\"Adicione ao carrinho: &ldquo;Ebook Cover Designer Agent - Assinatura Mensal&rdquo;\" data-quantity=\"1\" data-product_id=\"1999\" data-product_sku=\"ebook-cover-designer-agent\" data-price=\"97\" rel=\"nofollow\" class=\"wp-block-button__link  add_to_cart_button ajax_add_to_cart\">Comprar<\/a><\/div>\n\t\t\t<\/li><li class=\"wc-block-grid__product\">\n\t\t\t\t<a href=\"https:\/\/k01.com.br\/10k\/produto\/notion-o-ecossistema-minimalista-que-dominou-o-mercado\/\" class=\"wc-block-grid__product-link\">\n\t\t\t\t\t\n\t\t\t\t\t<div class=\"wc-block-grid__product-image\"><img decoding=\"async\" width=\"300\" height=\"300\" src=\"https:\/\/k01.com.br\/10k\/wp-content\/uploads\/2025\/06\/ChatGPT-Image-Jun-19-2025-06_14_54-PM-300x300.png\" class=\"attachment-woocommerce_thumbnail size-woocommerce_thumbnail\" alt=\"NOTION, O ECOSSISTEMA MINIMALISTA QUE DOMINOU O MERCADO\" srcset=\"https:\/\/k01.com.br\/10k\/wp-content\/uploads\/2025\/06\/ChatGPT-Image-Jun-19-2025-06_14_54-PM-300x300.png 300w, https:\/\/k01.com.br\/10k\/wp-content\/uploads\/2025\/06\/ChatGPT-Image-Jun-19-2025-06_14_54-PM-150x150.png 150w, https:\/\/k01.com.br\/10k\/wp-content\/uploads\/2025\/06\/ChatGPT-Image-Jun-19-2025-06_14_54-PM-70x70.png 70w, https:\/\/k01.com.br\/10k\/wp-content\/uploads\/2025\/06\/ChatGPT-Image-Jun-19-2025-06_14_54-PM-100x100.png 100w\" sizes=\"(max-width: 300px) 100vw, 300px\" \/><\/div>\n\t\t\t\t\t<div class=\"wc-block-grid__product-title\">NOTION, O ECOSSISTEMA MINIMALISTA QUE DOMINOU O MERCADO<\/div>\n\t\t\t\t<\/a>\n\t\t\t\t<div class=\"wc-block-grid__product-price price\"><span class=\"woocommerce-Price-amount amount\"><span class=\"woocommerce-Price-currencySymbol\">&#082;&#036;<\/span>&nbsp;17,00<\/span><\/div>\n\t\t\t\t\n\t\t\t\t<div class=\"wp-block-button wc-block-grid__product-add-to-cart\"><a href=\"?add-to-cart=1978\" aria-label=\"Adicione ao carrinho: &ldquo;NOTION, O ECOSSISTEMA MINIMALISTA QUE DOMINOU O MERCADO&rdquo;\" data-quantity=\"1\" data-product_id=\"1978\" data-product_sku=\"\" data-price=\"17\" rel=\"nofollow\" class=\"wp-block-button__link  add_to_cart_button ajax_add_to_cart\">Comprar<\/a><\/div>\n\t\t\t<\/li><li class=\"wc-block-grid__product\">\n\t\t\t\t<a href=\"https:\/\/k01.com.br\/10k\/produto\/o-poder-da-ia-na-sustentabilidade-um-caminho-para-o-futuro-verde\/\" class=\"wc-block-grid__product-link\">\n\t\t\t\t\t<div class=\"wc-block-grid__product-onsale\">\n\t\t\t<span aria-hidden=\"true\">Oferta<\/span>\n\t\t\t<span class=\"screen-reader-text\">Produto em promo\u00e7\u00e3o<\/span>\n\t\t<\/div>\n\t\t\t\t\t<div class=\"wc-block-grid__product-image\"><img decoding=\"async\" width=\"300\" height=\"300\" src=\"https:\/\/k01.com.br\/10k\/wp-content\/uploads\/2025\/02\/capas_produto_e_land_version_carla_valdetaro-300x300.png\" class=\"attachment-woocommerce_thumbnail size-woocommerce_thumbnail\" alt=\"&quot;O Poder da IA na Sustentabilidade: Um Caminho para o Futuro Verde&quot;\" srcset=\"https:\/\/k01.com.br\/10k\/wp-content\/uploads\/2025\/02\/capas_produto_e_land_version_carla_valdetaro-300x300.png 300w, https:\/\/k01.com.br\/10k\/wp-content\/uploads\/2025\/02\/capas_produto_e_land_version_carla_valdetaro-150x150.png 150w, https:\/\/k01.com.br\/10k\/wp-content\/uploads\/2025\/02\/capas_produto_e_land_version_carla_valdetaro-768x768.png 768w, https:\/\/k01.com.br\/10k\/wp-content\/uploads\/2025\/02\/capas_produto_e_land_version_carla_valdetaro-70x70.png 70w, https:\/\/k01.com.br\/10k\/wp-content\/uploads\/2025\/02\/capas_produto_e_land_version_carla_valdetaro-100x100.png 100w, https:\/\/k01.com.br\/10k\/wp-content\/uploads\/2025\/02\/capas_produto_e_land_version_carla_valdetaro-600x600.png 600w, https:\/\/k01.com.br\/10k\/wp-content\/uploads\/2025\/02\/elementor\/thumbs\/capas_produto_e_land_version_carla_valdetaro-r21k62k3abpqrudmuc0ykbt921b26idit7u85zpsio.png 400w, https:\/\/k01.com.br\/10k\/wp-content\/uploads\/2025\/02\/capas_produto_e_land_version_carla_valdetaro.png 1010w\" sizes=\"(max-width: 300px) 100vw, 300px\" \/><\/div>\n\t\t\t\t\t<div class=\"wc-block-grid__product-title\">&#8220;O Poder da IA na Sustentabilidade: Um Caminho para o Futuro Verde&#8221;<\/div>\n\t\t\t\t<\/a>\n\t\t\t\t<div class=\"wc-block-grid__product-price price\"><del aria-hidden=\"true\"><span class=\"woocommerce-Price-amount amount\"><span class=\"woocommerce-Price-currencySymbol\">&#082;&#036;<\/span>&nbsp;74,00<\/span><\/del> <span class=\"screen-reader-text\">O pre\u00e7o original era: &#082;&#036;&nbsp;74,00.<\/span><ins aria-hidden=\"true\"><span class=\"woocommerce-Price-amount amount\"><span class=\"woocommerce-Price-currencySymbol\">&#082;&#036;<\/span>&nbsp;27,00<\/span><\/ins><span class=\"screen-reader-text\">O pre\u00e7o atual \u00e9: &#082;&#036;&nbsp;27,00.<\/span><\/div>\n\t\t\t\t\n\t\t\t\t<div class=\"wp-block-button wc-block-grid__product-add-to-cart\"><a href=\"?add-to-cart=1867\" aria-label=\"Adicione ao carrinho: &ldquo;&quot;O Poder da IA na Sustentabilidade: Um Caminho para o Futuro Verde&quot;&rdquo;\" data-quantity=\"1\" data-product_id=\"1867\" data-product_sku=\"poder-ia-sustentabilidade\" data-price=\"27\" rel=\"nofollow\" class=\"wp-block-button__link  add_to_cart_button ajax_add_to_cart\">Comprar<\/a><\/div>\n\t\t\t<\/li><li class=\"wc-block-grid__product\">\n\t\t\t\t<a href=\"https:\/\/k01.com.br\/10k\/produto\/colecao-quantum-criativo-conexoes-no-12_01-lideranca-corajosa-superando-resistencias-para-inovar-com-tecnologia\/\" class=\"wc-block-grid__product-link\">\n\t\t\t\t\t<div class=\"wc-block-grid__product-onsale\">\n\t\t\t<span aria-hidden=\"true\">Oferta<\/span>\n\t\t\t<span class=\"screen-reader-text\">Produto em promo\u00e7\u00e3o<\/span>\n\t\t<\/div>\n\t\t\t\t\t<div class=\"wc-block-grid__product-image\"><img loading=\"lazy\" decoding=\"async\" width=\"300\" height=\"300\" src=\"https:\/\/k01.com.br\/10k\/wp-content\/uploads\/2025\/02\/capas_produto_e_land_version-300x300.png\" class=\"attachment-woocommerce_thumbnail size-woocommerce_thumbnail\" alt=\"Cole\u00e7\u00e3o Quantum Criativo Conex\u00f5es n\u00ba 12_01 \u2022 Lideran\u00e7a Corajosa: Superando Resist\u00eancias para Inovar com Tecnologia\" srcset=\"https:\/\/k01.com.br\/10k\/wp-content\/uploads\/2025\/02\/capas_produto_e_land_version-300x300.png 300w, https:\/\/k01.com.br\/10k\/wp-content\/uploads\/2025\/02\/capas_produto_e_land_version-150x150.png 150w, https:\/\/k01.com.br\/10k\/wp-content\/uploads\/2025\/02\/capas_produto_e_land_version-768x768.png 768w, https:\/\/k01.com.br\/10k\/wp-content\/uploads\/2025\/02\/capas_produto_e_land_version-70x70.png 70w, https:\/\/k01.com.br\/10k\/wp-content\/uploads\/2025\/02\/capas_produto_e_land_version-100x100.png 100w, https:\/\/k01.com.br\/10k\/wp-content\/uploads\/2025\/02\/capas_produto_e_land_version-600x600.png 600w, https:\/\/k01.com.br\/10k\/wp-content\/uploads\/2025\/02\/capas_produto_e_land_version.png 1010w\" sizes=\"(max-width: 300px) 100vw, 300px\" \/><\/div>\n\t\t\t\t\t<div class=\"wc-block-grid__product-title\">Cole\u00e7\u00e3o Quantum Criativo Conex\u00f5es n\u00ba 12_01 \u2022 Lideran\u00e7a Corajosa: Superando Resist\u00eancias para Inovar com Tecnologia<\/div>\n\t\t\t\t<\/a>\n\t\t\t\t<div class=\"wc-block-grid__product-price price\"><del aria-hidden=\"true\"><span class=\"woocommerce-Price-amount amount\"><span class=\"woocommerce-Price-currencySymbol\">&#082;&#036;<\/span>&nbsp;37,00<\/span><\/del> <span class=\"screen-reader-text\">O pre\u00e7o original era: &#082;&#036;&nbsp;37,00.<\/span><ins aria-hidden=\"true\"><span class=\"woocommerce-Price-amount amount\"><span class=\"woocommerce-Price-currencySymbol\">&#082;&#036;<\/span>&nbsp;17,00<\/span><\/ins><span class=\"screen-reader-text\">O pre\u00e7o atual \u00e9: &#082;&#036;&nbsp;17,00.<\/span><\/div>\n\t\t\t\t\n\t\t\t\t<div class=\"wp-block-button wc-block-grid__product-add-to-cart\"><a href=\"?add-to-cart=1859\" aria-label=\"Adicione ao carrinho: &ldquo;Cole\u00e7\u00e3o Quantum Criativo Conex\u00f5es n\u00ba 12_01 \u2022 Lideran\u00e7a Corajosa: Superando Resist\u00eancias para Inovar com Tecnologia&rdquo;\" data-quantity=\"1\" data-product_id=\"1859\" data-product_sku=\"lideranca-corajosa\" data-price=\"17\" rel=\"nofollow\" class=\"wp-block-button__link  add_to_cart_button ajax_add_to_cart\">Comprar<\/a><\/div>\n\t\t\t<\/li><\/ul><\/div><\/div><\/div>","protected":false},"excerpt":{"rendered":"","protected":false},"author":1,"featured_media":0,"parent":0,"menu_order":0,"comment_status":"closed","ping_status":"closed","template":"","meta":{"_joinchat":[],"footnotes":""},"class_list":["post-146","page","type-page","status-publish","hentry"],"jetpack_sharing_enabled":true,"_links":{"self":[{"href":"https:\/\/k01.com.br\/10k\/wp-json\/wp\/v2\/pages\/146","targetHints":{"allow":["GET"]}}],"collection":[{"href":"https:\/\/k01.com.br\/10k\/wp-json\/wp\/v2\/pages"}],"about":[{"href":"https:\/\/k01.com.br\/10k\/wp-json\/wp\/v2\/types\/page"}],"author":[{"embeddable":true,"href":"https:\/\/k01.com.br\/10k\/wp-json\/wp\/v2\/users\/1"}],"replies":[{"embeddable":true,"href":"https:\/\/k01.com.br\/10k\/wp-json\/wp\/v2\/comments?post=146"}],"version-history":[{"count":1,"href":"https:\/\/k01.com.br\/10k\/wp-json\/wp\/v2\/pages\/146\/revisions"}],"predecessor-version":[{"id":158,"href":"https:\/\/k01.com.br\/10k\/wp-json\/wp\/v2\/pages\/146\/revisions\/158"}],"wp:attachment":[{"href":"https:\/\/k01.com.br\/10k\/wp-json\/wp\/v2\/media?parent=146"}],"curies":[{"name":"wp","href":"https:\/\/api.w.org\/{rel}","templated":true}]}}