{"id":1216,"date":"2024-05-22T16:42:34","date_gmt":"2024-05-22T19:42:34","guid":{"rendered":"https:\/\/k01.com.br\/10k\/?post_type=product&#038;p=1216"},"modified":"2024-07-23T10:24:09","modified_gmt":"2024-07-23T13:24:09","slug":"0005-impulsione-sua-equipe-lideranca-para-alta-performance","status":"publish","type":"product","link":"https:\/\/k01.com.br\/10k\/produto\/0005-impulsione-sua-equipe-lideranca-para-alta-performance\/","title":{"rendered":"Cole\u00e7\u00e3o Quantum Criativo Conex\u00f5es n\u00ba 5: Impulsione sua Equipe: Lideran\u00e7a para alta performance"},"content":{"rendered":"<p>Este ebook aprofunda como enfrentar o desafio constante para a lideran\u00e7a em como equacionar o desempenho da equipe e a maximiza\u00e7\u00e3o da produtividade. Um l\u00edder sempre \u00e9 cobrado por isso!<\/p>\n<p>Essa equa\u00e7\u00e3o exige lidar com v\u00e1rias nuances da gest\u00e3o de equipe sem perder o foco na melhoria dos resultados.<\/p>\n<p>Neste ebook mapeamos aspectos imprescind\u00edveis para contextualizar uma lideran\u00e7a que, com uma boa gest\u00e3o de pessoas e a busca de resultados, consegue garantir a sustentabilidade dos neg\u00f3cios.<\/p>\n<p>H\u00e1 passos b\u00e1sicos como: construir uma equipe eficiente, fazer uma comunica\u00e7\u00e3o assertiva, manter a motiva\u00e7\u00e3o e o engajamento, capacitar o que \u00e9 preciso, lidar com os conflitos, fazer gest\u00e3o do tempo, cuidar do bem-estar e da sa\u00fade mental pessoal e dos colaboradores, planejamento e gest\u00e3o, resili\u00eancia, adaptabilidade&#8230; essa lista com certeza n\u00e3o encerra tudo, mas esperamos que possa ajudar os l\u00edderes a se autoavaliarem no que fazer e como fazer.<\/p>\n<p>Este conte\u00fado \u00e9 enriquecido com os insights presentes de uma live no canal Quantum Criativo Conex\u00f5es, com mais este ebook, pretendemos oferecer um plano de a\u00e7\u00e3o para que os l\u00edderes (experientes e novos) assumam o papel de conduzir suas equipes com mais assertividade nesses tempos de hiperconectividade!<\/p>\n<p>Link da live Quantum Criativo Conex\u00f5es \u2013<br \/>\n<a href=\"https:\/\/www.youtube.com\/watch?v=M77qP3X4TXk\">https:\/\/www.youtube.com\/watch?v=M77qP3X4TXk<\/a><\/p>\n","protected":false},"excerpt":{"rendered":"<p>Este ebook aprofunda como enfrentar o desafio constante para a lideran\u00e7a em como equacionar o desempenho da equipe e a maximiza\u00e7\u00e3o da produtividade. Um l\u00edder sempre \u00e9 cobrado por isso!<\/p>\n<p>Essa equa\u00e7\u00e3o exige lidar com v\u00e1rias nuances da gest\u00e3o de equipe sem perder o foco na melhoria dos resultados.<\/p>\n<p>Neste ebook mapeamos aspectos imprescind\u00edveis para contextualizar uma lideran\u00e7a que, com uma boa gest\u00e3o de pessoas e a busca de resultados, consegue garantir a sustentabilidade dos neg\u00f3cios.<\/p>\n<p>Link da live Quantum Criativo Conex\u00f5es \u2013<br \/>\n<a href=\"https:\/\/www.youtube.com\/watch?v=M77qP3X4TXk\">https:\/\/www.youtube.com\/watch?v=M77qP3X4TXk<\/a><\/p>\n","protected":false},"featured_media":1217,"comment_status":"open","ping_status":"closed","template":"","meta":{"_joinchat":[]},"product_cat":[32,1058,1059],"product_tag":[],"class_list":{"0":"post-1216","1":"product","2":"type-product","3":"status-publish","4":"has-post-thumbnail","6":"product_cat-lideranca","7":"product_cat-equipe","8":"product_cat-performance","10":"first","11":"instock","12":"sale","13":"downloadable","14":"virtual","15":"taxable","16":"purchasable","17":"product-type-simple"},"jetpack_sharing_enabled":true,"_links":{"self":[{"href":"https:\/\/k01.com.br\/10k\/wp-json\/wp\/v2\/product\/1216","targetHints":{"allow":["GET"]}}],"collection":[{"href":"https:\/\/k01.com.br\/10k\/wp-json\/wp\/v2\/product"}],"about":[{"href":"https:\/\/k01.com.br\/10k\/wp-json\/wp\/v2\/types\/product"}],"replies":[{"embeddable":true,"href":"https:\/\/k01.com.br\/10k\/wp-json\/wp\/v2\/comments?post=1216"}],"wp:featuredmedia":[{"embeddable":true,"href":"https:\/\/k01.com.br\/10k\/wp-json\/wp\/v2\/media\/1217"}],"wp:attachment":[{"href":"https:\/\/k01.com.br\/10k\/wp-json\/wp\/v2\/media?parent=1216"}],"wp:term":[{"taxonomy":"product_cat","embeddable":true,"href":"https:\/\/k01.com.br\/10k\/wp-json\/wp\/v2\/product_cat?post=1216"},{"taxonomy":"product_tag","embeddable":true,"href":"https:\/\/k01.com.br\/10k\/wp-json\/wp\/v2\/product_tag?post=1216"}],"curies":[{"name":"wp","href":"https:\/\/api.w.org\/{rel}","templated":true}]}}