{"id":1421,"date":"2024-06-26T17:19:33","date_gmt":"2024-06-26T20:19:33","guid":{"rendered":"https:\/\/k01.com.br\/10k\/?post_type=product&#038;p=1421"},"modified":"2024-07-23T10:24:34","modified_gmt":"2024-07-23T13:24:34","slug":"006-emocoes-e-empreendedorismo-como-as-emocoes-interferem-na-sua-carreira-na-tomada-de-decisoes-e-entendo-as-formas-de-lidar-melhor-com-elas","status":"publish","type":"product","link":"https:\/\/k01.com.br\/10k\/produto\/006-emocoes-e-empreendedorismo-como-as-emocoes-interferem-na-sua-carreira-na-tomada-de-decisoes-e-entendo-as-formas-de-lidar-melhor-com-elas\/","title":{"rendered":"Cole\u00e7\u00e3o Quantum Criativo Conex\u00f5es n\u00ba 6: Emo\u00e7\u00f5es e Empreendedorismo: Como as emo\u00e7\u00f5es interferem na sua carreira, na tomada de decis\u00f5es e entendo as formas de lidar melhor com elas"},"content":{"rendered":"<p>Este livro apresenta como as emo\u00e7\u00f5es interferem na sua carreira, na tomada de decis\u00f5es e apresenta as formas de como lidar melhor com elas.<\/p>\n<p>Normalmente, achamos que nossas decis\u00f5es de carreira e neg\u00f3cios n\u00e3o est\u00e3o relacionadas \u00e0s emo\u00e7\u00f5es do dia a dia. A verdade \u00e9 que o que sentimos pode alavancar ou sabotar nosso sucesso!<\/p>\n<p>Mas a capacidade de tomar decis\u00f5es assertivas diante dos desafios est\u00e1 diretamente relacionada com o desenvolvimento das habilidades socioemocionais. Como perceber as pr\u00f3prias emo\u00e7\u00f5es e como elas impactam as rela\u00e7\u00f5es interpessoais, o gerenciamento dos conflitos, a motiva\u00e7\u00e3o e a resili\u00eancia diante da adversidade, seja na constru\u00e7\u00e3o de uma carreira profissional ou em um neg\u00f3cio.<\/p>\n<p>Este ebook aprofunda o conhecimento sobre a rela\u00e7\u00e3o entre as decis\u00f5es, as emo\u00e7\u00f5es, o autoconhecimento, os conflitos nas rela\u00e7\u00f5es humanas e como isso impacta nas rela\u00e7\u00f5es e decis\u00f5es empresariais.<\/p>\n<p>O texto \u00e9 enriquecido com exemplos de v\u00e1rios empreendedores que souberam manter uma resili\u00eancia emocional diante das adversidades, superando obst\u00e1culos e encontrando solu\u00e7\u00f5es criativas, sem romper com seus valores pessoais ou seus sonhos.<\/p>\n<p>Este conte\u00fado tamb\u00e9m \u00a0\u00e9 enriquecido com os insights presentes de uma live no canal Quantum Criativo Conex\u00f5es, e com este ebook, pretendemos oferecer um guia para as pessoas avaliarem o quanto suas emo\u00e7\u00f5es as ajudam a ter sucesso em suas carreiras pessoais, profissionais ou em seus empreendimentos.<\/p>\n<p>Boa Leitura!<\/p>\n<p>Link da live Quantum Criativo Conex\u00f5es &#8211;<\/p>\n<p><a href=\"https:\/\/www.youtube.com\/watch?v=ij-iH0WKWa8\">https:\/\/www.youtube.com\/watch?v=ij-iH0WKWa8<\/a><\/p>\n","protected":false},"excerpt":{"rendered":"<p>Este ebook aprofunda como enfrentar o desafio constante para a lideran\u00e7a em como equacionar o desempenho da equipe e a maximiza\u00e7\u00e3o da produtividade. Um l\u00edder sempre \u00e9 cobrado por isso!<\/p>\n<p>Essa equa\u00e7\u00e3o exige lidar com v\u00e1rias nuances da gest\u00e3o de equipe sem perder o foco na melhoria dos resultados.<\/p>\n<p>Neste ebook mapeamos aspectos imprescind\u00edveis para contextualizar uma lideran\u00e7a que, com uma boa gest\u00e3o de pessoas e a busca de resultados, consegue garantir a sustentabilidade dos neg\u00f3cios.<\/p>\n<p>Link da live Quantum Criativo Conex\u00f5es \u2013<br \/>\n<a href=\"https:\/\/www.youtube.com\/watch?v=M77qP3X4TXk\">https:\/\/www.youtube.com\/watch?v=M77qP3X4TXk<\/a><\/p>\n","protected":false},"featured_media":1423,"comment_status":"open","ping_status":"closed","template":"","meta":{"_joinchat":[]},"product_cat":[32,1058,1059],"product_tag":[],"class_list":{"0":"post-1421","1":"product","2":"type-product","3":"status-publish","4":"has-post-thumbnail","6":"product_cat-lideranca","7":"product_cat-equipe","8":"product_cat-performance","10":"first","11":"instock","12":"sale","13":"downloadable","14":"virtual","15":"taxable","16":"purchasable","17":"product-type-simple"},"jetpack_sharing_enabled":true,"_links":{"self":[{"href":"https:\/\/k01.com.br\/10k\/wp-json\/wp\/v2\/product\/1421","targetHints":{"allow":["GET"]}}],"collection":[{"href":"https:\/\/k01.com.br\/10k\/wp-json\/wp\/v2\/product"}],"about":[{"href":"https:\/\/k01.com.br\/10k\/wp-json\/wp\/v2\/types\/product"}],"replies":[{"embeddable":true,"href":"https:\/\/k01.com.br\/10k\/wp-json\/wp\/v2\/comments?post=1421"}],"wp:featuredmedia":[{"embeddable":true,"href":"https:\/\/k01.com.br\/10k\/wp-json\/wp\/v2\/media\/1423"}],"wp:attachment":[{"href":"https:\/\/k01.com.br\/10k\/wp-json\/wp\/v2\/media?parent=1421"}],"wp:term":[{"taxonomy":"product_cat","embeddable":true,"href":"https:\/\/k01.com.br\/10k\/wp-json\/wp\/v2\/product_cat?post=1421"},{"taxonomy":"product_tag","embeddable":true,"href":"https:\/\/k01.com.br\/10k\/wp-json\/wp\/v2\/product_tag?post=1421"}],"curies":[{"name":"wp","href":"https:\/\/api.w.org\/{rel}","templated":true}]}}