{"id":1511,"date":"2024-07-23T14:06:34","date_gmt":"2024-07-23T17:06:34","guid":{"rendered":"https:\/\/k01.com.br\/10k\/?post_type=product&#038;p=1511"},"modified":"2024-08-28T12:11:22","modified_gmt":"2024-08-28T15:11:22","slug":"entre-linhas-e-sentidos-a-anatomia-de-um-livro","status":"publish","type":"product","link":"https:\/\/k01.com.br\/10k\/produto\/entre-linhas-e-sentidos-a-anatomia-de-um-livro\/","title":{"rendered":"Entre linhas e sentidos: A &#8220;anatomia&#8221; de um livro"},"content":{"rendered":"<p>Descubra os segredos por tr\u00e1s das p\u00e1ginas de seus livros favoritos com \u201cEntre Linhas e Sentidos &#8211; a \u2018anatomia\u2019 de um Livro\u201d.<br \/>\nEste eBook \u00e9 mais do que um simples guia, \u00e9 uma viagem pelo processo criativo e pelo universo editorial.<br \/>\nCom ele, aprender\u00e1 sobre cada etapa da cria\u00e7\u00e3o de um livro, desde a concep\u00e7\u00e3o da ideia at\u00e9 a publica\u00e7\u00e3o e os royalties; e compreender\u00e1 as escolhas dos autores e editores e valorize ainda mais cada obra que voc\u00ea l\u00ea!<br \/>\n&#8220;Entre Linhas e Sentidos&#8221; oferece uma vis\u00e3o clara e detalhada do formato f\u00edsico de um livro, as t\u00e9cnicas utilizadas e as novas tecnologias que moldam a literatura atual. Este eBook \u00e9 essencial para escritores veteranos, em forma\u00e7\u00e3o, leitores \u00e1vidos e todos que desejam explorar a complexidade da produ\u00e7\u00e3o liter\u00e1ria.<br \/>\nN\u00e3o perca a oportunidade de transformar sua rela\u00e7\u00e3o com os livros.<br \/>\nAdquira &#8220;Entre Linhas e Sentidos&#8221; agora e mergulhe em um universo de descobertas liter\u00e1rias.<br \/>\nEste eBook \u00e9 um investimento que trar\u00e1 novas perspectivas e uma aprecia\u00e7\u00e3o mais profunda pelas obras que voc\u00ea j\u00e1 explorou e ainda vai descobrir.<br \/>\nFa\u00e7a parte desta jornada e descubra o que torna cada livro verdadeiramente \u00fanico.<\/p>\n","protected":false},"excerpt":{"rendered":"<p>Descubra os segredos por tr\u00e1s dos seus livros favoritos com \u201cEntre Linhas e Sentidos &#8211; a \u2018anatomia\u2019 de um Livro\u201d. Este eBook n\u00e3o \u00e9 apenas um guia, mas uma viagem pelo processo criativo e universo editorial, abordando cada etapa da cria\u00e7\u00e3o de um livro, desde a concep\u00e7\u00e3o da ideia at\u00e9 a publica\u00e7\u00e3o e os royalties. Aprenda sobre as escolhas dos autores e editores, e valorize ainda mais cada obra que voc\u00ea l\u00ea.<\/p>\n<p>&#8220;Entre Linhas e Sentidos&#8221; oferece uma vis\u00e3o detalhada do formato f\u00edsico de um livro, t\u00e9cnicas utilizadas e novas tecnologias que moldam a literatura atual. Essencial para escritores veteranos, em forma\u00e7\u00e3o, leitores \u00e1vidos e todos que desejam explorar a complexidade da produ\u00e7\u00e3o liter\u00e1ria, este eBook transforma sua rela\u00e7\u00e3o com os livros, proporcionando novas perspectivas e uma aprecia\u00e7\u00e3o mais profunda pelas obras. Adquira &#8220;Entre Linhas e Sentidos&#8221; e mergulhe em um universo de descobertas liter\u00e1rias.<\/p>\n","protected":false},"featured_media":1543,"comment_status":"open","ping_status":"closed","template":"","meta":{"_joinchat":[]},"product_cat":[1294,39,1293],"product_tag":[],"class_list":{"0":"post-1511","1":"product","2":"type-product","3":"status-publish","4":"has-post-thumbnail","6":"product_cat-escrita","7":"product_cat-ia","8":"product_cat-literatura","10":"first","11":"instock","12":"sale","13":"downloadable","14":"virtual","15":"taxable","16":"purchasable","17":"product-type-simple"},"jetpack_sharing_enabled":true,"_links":{"self":[{"href":"https:\/\/k01.com.br\/10k\/wp-json\/wp\/v2\/product\/1511","targetHints":{"allow":["GET"]}}],"collection":[{"href":"https:\/\/k01.com.br\/10k\/wp-json\/wp\/v2\/product"}],"about":[{"href":"https:\/\/k01.com.br\/10k\/wp-json\/wp\/v2\/types\/product"}],"replies":[{"embeddable":true,"href":"https:\/\/k01.com.br\/10k\/wp-json\/wp\/v2\/comments?post=1511"}],"wp:featuredmedia":[{"embeddable":true,"href":"https:\/\/k01.com.br\/10k\/wp-json\/wp\/v2\/media\/1543"}],"wp:attachment":[{"href":"https:\/\/k01.com.br\/10k\/wp-json\/wp\/v2\/media?parent=1511"}],"wp:term":[{"taxonomy":"product_cat","embeddable":true,"href":"https:\/\/k01.com.br\/10k\/wp-json\/wp\/v2\/product_cat?post=1511"},{"taxonomy":"product_tag","embeddable":true,"href":"https:\/\/k01.com.br\/10k\/wp-json\/wp\/v2\/product_tag?post=1511"}],"curies":[{"name":"wp","href":"https:\/\/api.w.org\/{rel}","templated":true}]}}