{"id":154,"date":"2024-01-24T22:56:19","date_gmt":"2024-01-25T01:56:19","guid":{"rendered":"https:\/\/k01.com.br\/10k\/?post_type=product&#038;p=154"},"modified":"2024-07-23T10:19:10","modified_gmt":"2024-07-23T13:19:10","slug":"inteligencia-artificial-e-criatividade-ebook","status":"publish","type":"product","link":"https:\/\/k01.com.br\/10k\/produto\/inteligencia-artificial-e-criatividade-ebook\/","title":{"rendered":"Cole\u00e7\u00e3o Quantum Criativo Conex\u00f5es n\u00ba 1: Intelig\u00eancia Artificial e Criatividade &#8211; Ebook"},"content":{"rendered":"<p>Pol\u00eamicas \u00e0 parte nesse universo que envolve a Intelig\u00eancia Artificial, existe a quest\u00e3o do quanto ela pode potencializar a\u00a0<a href=\"https:\/\/www.linkedin.com\/feed\/hashtag\/?keywords=criatividade&amp;highlightedUpdateUrns=urn%3Ali%3Aactivity%3A7148634842279174144\">hashtag#criatividade<\/a>\u00a0humana em vez de substitu\u00ed-la.<\/p>\n<p>Podemos citar rapidamente cinco das aplica\u00e7\u00f5es mais comuns consideradas para a IA, diretamente relacionados com a efici\u00eancia trazida pela automa\u00e7\u00e3o e o valor dos insights baseados em dados:<\/p>\n<p><strong>1. Complementaridade, N\u00e3o Substitui\u00e7\u00e3o:<\/strong>\u00a0 a ideia \u00e9 que a IA n\u00e3o est\u00e1 aqui para substituir a criatividade humana, mas para complement\u00e1-la. Ela oferece ferramentas que podem lidar com tarefas repetitivas e an\u00e1lises de dados complexas, liberando os profissionais para se concentrarem em aspectos mais criativos e estrat\u00e9gicos de seu trabalho.<\/p>\n<p><strong>2. Amplia\u00e7\u00e3o da Criatividade:\u00a0<\/strong>de que a IA pode ajudar a explorar possibilidades que podem n\u00e3o ser imediatamente claros para a mente humana. Com o vasto armazenamento de dados e capacidade de reconhecimento de padr\u00f5es, ela pode sugerir novas alternativas e abordagens, inspirando assim ideias potencialmente inovadoras.<\/p>\n<p><strong>3. Insights Baseados em Dados:<\/strong>\u00a0aqui \u00e9 usar a capacidade da IA de analisar grandes conjuntos de dados para trazer insights valiosos para estrat\u00e9gias de marketing, design de produtos e muito mais. A busca \u00e9 por uma abordagem mais informada e direcionada \u00e0 criatividade, garantindo que as inova\u00e7\u00f5es sejam n\u00e3o apenas criativas, mas tamb\u00e9m eficazes e relevantes.<\/p>\n<p><strong>4. Automatiza\u00e7\u00e3o e Efici\u00eancia:<\/strong>\u00a0com a automa\u00e7\u00e3o de tarefas rotineiras atrav\u00e9s da IA, as pessoas que criam podem dedicar mais tempo ao que realmente importa &#8211; inovar e criar. Isso poder\u00e1 resultar em um processo de trabalho mais eficiente e uma produ\u00e7\u00e3o criativa mais rica e diversificada.<\/p>\n<p><strong>5. Colabora\u00e7\u00e3o Global:<\/strong>\u00a0a IA facilita a colabora\u00e7\u00e3o global, conectando pensadores criativos de todo o mundo. Com ferramentas de tradu\u00e7\u00e3o e an\u00e1lise de dados, as barreiras lingu\u00edsticas e culturais s\u00e3o reduzidas, permitindo uma fus\u00e3o global de ideias criativas.<\/p>\n<p>E a lista se estende. Tenho acompanhado de perto o quanto a IA, como uma for\u00e7a poderosa, utilizada corretamente, pode sim expandir significativamente o potencial criativo humano, ao oferecer novos caminhos e ferramentas para a\u00a0<a href=\"https:\/\/www.linkedin.com\/feed\/hashtag\/?keywords=inova%C3%A7%C3%A3o&amp;highlightedUpdateUrns=urn%3Ali%3Aactivity%3A7148634842279174144\">hashtag#inova\u00e7\u00e3o<\/a>, ajudando-nos na explora\u00e7\u00e3o de territ\u00f3rios desconhecidos na busca por solu\u00e7\u00f5es criativas e eficazes.<\/p>\n<p>Quantum Criativo Conex\u00f5es, com um convidado todos os meses, discutindo temas de relev\u00e2ncia no mundo corporativo.\u00a0<a href=\"https:\/\/www.linkedin.com\/in\/mariaapasantos\/\" target=\"_blank\" rel=\"noreferrer noopener\">Conecte-se comigo no LinkedIn para receber informa\u00e7\u00f5es atualizadas e as datas das lives<\/a>.<br \/>\nEm\u00a0 31.01.2024, a conversa na live n\u00ba 1 da Quantum Criativo &#8211; Conex\u00f5es, \u00e9 com o\u00a0<a href=\"https:\/\/www.linkedin.com\/in\/massareto\/\">Humberto Massareto<\/a>, o tema\u00a0<strong>&#8220;Intelig\u00eancia Artificial e Criatividade&#8221;<\/strong>e voc\u00ea pode\u00a0<a href=\"https:\/\/www.youtube.com\/watch?v=y_WoEq_4MVY\" target=\"_blank\" rel=\"noreferrer noopener\">assistir no YouTube, clique aqui<\/a>.<\/p>\n<p>Que outro t\u00f3pico voc\u00ea acrescentaria nessa lista que chama a sua aten\u00e7\u00e3o? Comente a respeito. Com certeza esta lista n\u00e3o esgota o assunto.<\/p>\n","protected":false},"excerpt":{"rendered":"<p>Intelig\u00eancia Artificial e Criatividade: Descubra como a IA est\u00e1 redefinindo as fronteiras da Criatividade e impulsionando a Inova\u00e7\u00e3o global, e os Dilemas advindos disso<\/p>\n<p>Primeiro ebook da s\u00e9rie Quantum Criativo: Conex\u00f5es<br \/>\nRelativa \u00e0 live:\u00a0&#8220;Intelig\u00eancia Artificial e Criatividade&#8221;<br \/>\nLink da live no Youtube: <a href=\"https:\/\/www.youtube.com\/watch?v=y_WoEq_4MVY\">https:\/\/www.youtube.com\/watch?v=y_WoEq_4MVY<\/a><\/p>\n","protected":false},"featured_media":155,"comment_status":"open","ping_status":"closed","template":"","meta":{"_joinchat":[]},"product_cat":[19],"product_tag":[21,23,20,22,24],"class_list":{"0":"post-154","1":"product","2":"type-product","3":"status-publish","4":"has-post-thumbnail","6":"product_cat-quantum-criativo-conexoes","7":"product_tag-criatividade","8":"product_tag-futuro","9":"product_tag-inteligencia-artificial","10":"product_tag-negocios","11":"product_tag-quantum-criativo","13":"first","14":"instock","15":"sale","16":"downloadable","17":"taxable","18":"shipping-taxable","19":"purchasable","20":"product-type-simple"},"jetpack_sharing_enabled":true,"_links":{"self":[{"href":"https:\/\/k01.com.br\/10k\/wp-json\/wp\/v2\/product\/154","targetHints":{"allow":["GET"]}}],"collection":[{"href":"https:\/\/k01.com.br\/10k\/wp-json\/wp\/v2\/product"}],"about":[{"href":"https:\/\/k01.com.br\/10k\/wp-json\/wp\/v2\/types\/product"}],"replies":[{"embeddable":true,"href":"https:\/\/k01.com.br\/10k\/wp-json\/wp\/v2\/comments?post=154"}],"wp:featuredmedia":[{"embeddable":true,"href":"https:\/\/k01.com.br\/10k\/wp-json\/wp\/v2\/media\/155"}],"wp:attachment":[{"href":"https:\/\/k01.com.br\/10k\/wp-json\/wp\/v2\/media?parent=154"}],"wp:term":[{"taxonomy":"product_cat","embeddable":true,"href":"https:\/\/k01.com.br\/10k\/wp-json\/wp\/v2\/product_cat?post=154"},{"taxonomy":"product_tag","embeddable":true,"href":"https:\/\/k01.com.br\/10k\/wp-json\/wp\/v2\/product_tag?post=154"}],"curies":[{"name":"wp","href":"https:\/\/api.w.org\/{rel}","templated":true}]}}