{"id":1787,"date":"2024-12-15T21:13:52","date_gmt":"2024-12-16T00:13:52","guid":{"rendered":"https:\/\/k01.com.br\/10k\/?post_type=product&#038;p=1787"},"modified":"2024-12-15T22:03:11","modified_gmt":"2024-12-16T01:03:11","slug":"colecao-quantum-criativo-conexoes-no-12-ia-neuro-simbolica-o-impacto-no-mercado-e-nas-profissoes","status":"publish","type":"product","link":"https:\/\/k01.com.br\/10k\/produto\/colecao-quantum-criativo-conexoes-no-12-ia-neuro-simbolica-o-impacto-no-mercado-e-nas-profissoes\/","title":{"rendered":"Cole\u00e7\u00e3o Quantum Criativo Conex\u00f5es n\u00ba 12 \u2022 IA Neuro-Simb\u00f3lica: O Impacto no Mercado e nas Profiss\u00f5es"},"content":{"rendered":"<p><strong>IA Neuro-Simb\u00f3lica: O Impacto no Mercado e nas Profiss\u00f5es <\/strong>prop\u00f5e\u00a0uma abordagem inovadora que combina o aprendizado profundo das redes neurais com o racioc\u00ednio l\u00f3gico do pensamento simb\u00f3lico. Essa integra\u00e7\u00e3o permite sistemas mais explic\u00e1veis, adapt\u00e1veis e eficientes, promovendo uma nova era no desenvolvimento tecnol\u00f3gico. Este livro explora como a IA NS redefine os paradigmas de neg\u00f3cios, molda comportamentos de consumo e transforma mercados inteiros.<\/p>\n<p>Empresas dos mais diversos setores est\u00e3o adotando a IA NS para otimizar processos, personalizar experi\u00eancias e tomar decis\u00f5es estrat\u00e9gicas com maior transpar\u00eancia. Al\u00e9m disso, a tecnologia est\u00e1 impactando profiss\u00f5es e habilidades humanas, ao criar novas demandas e redefinir fun\u00e7\u00f5es tradicionais. Este cen\u00e1rio desafia profissionais e organiza\u00e7\u00f5es a se adaptarem a uma realidade em r\u00e1pida evolu\u00e7\u00e3o.<\/p>\n<p>Ao longo da obra, os autores apresentam exemplos pr\u00e1ticos e aplica\u00e7\u00f5es reais da IA NS, desde diagn\u00f3sticos m\u00e9dicos aprimorados at\u00e9 inova\u00e7\u00f5es em cadeias de suprimentos e estrat\u00e9gias de marketing. Eles tamb\u00e9m abordam o papel essencial da \u00e9tica e governan\u00e7a na implementa\u00e7\u00e3o respons\u00e1vel da tecnologia, destacando a import\u00e2ncia de promover inclus\u00e3o e confian\u00e7a.<\/p>\n<p>A <strong>Intelig\u00eancia Artificial Neuro-Simb\u00f3lica<\/strong> n\u00e3o \u00e9 apenas uma inova\u00e7\u00e3o tecnol\u00f3gica, mas tamb\u00e9m um catalisador estrat\u00e9gico e cultural que une prop\u00f3sito humano e progresso. Por meio desta leitura, voc\u00ea ser\u00e1 convidado a compreender e participar dessa transforma\u00e7\u00e3o, moldando um futuro mais sustent\u00e1vel e inteligente.<\/p>\n","protected":false},"excerpt":{"rendered":"<p><strong>IA Neuro-Simb\u00f3lica: O Impacto no Mercado e nas Profiss\u00f5es<\/strong>, uma tecnologia que combina redes neurais e racioc\u00ednio simb\u00f3lico para criar solu\u00e7\u00f5es mais explic\u00e1veis e adapt\u00e1veis. Este livro apresenta de forma clara e pr\u00e1tica como a IA NS est\u00e1 transformando modelos de neg\u00f3cios, experi\u00eancias de consumo e profiss\u00f5es, promovendo inova\u00e7\u00e3o em setores como sa\u00fade, energia e educa\u00e7\u00e3o.<\/p>\n<p>Ideal para profissionais, empresas e entusiastas, a obra explora os benef\u00edcios estrat\u00e9gicos dessa tecnologia, desde a personaliza\u00e7\u00e3o extrema at\u00e9 a tomada de decis\u00f5es transparentes. Mergulhe nesta leitura inspiradora e prepare-se para um futuro onde a tecnologia \u00e9 guiada por prop\u00f3sito e \u00e9tica.<\/p>\n","protected":false},"featured_media":1781,"comment_status":"open","ping_status":"closed","template":"","meta":{"_joinchat":[]},"product_cat":[32,19,1292,39],"product_tag":[],"class_list":{"0":"post-1787","1":"product","2":"type-product","3":"status-publish","4":"has-post-thumbnail","6":"product_cat-lideranca","7":"product_cat-quantum-criativo-conexoes","8":"product_cat-estrategia","9":"product_cat-ia","11":"first","12":"instock","13":"sale","14":"downloadable","15":"virtual","16":"taxable","17":"purchasable","18":"product-type-simple"},"jetpack_sharing_enabled":true,"_links":{"self":[{"href":"https:\/\/k01.com.br\/10k\/wp-json\/wp\/v2\/product\/1787","targetHints":{"allow":["GET"]}}],"collection":[{"href":"https:\/\/k01.com.br\/10k\/wp-json\/wp\/v2\/product"}],"about":[{"href":"https:\/\/k01.com.br\/10k\/wp-json\/wp\/v2\/types\/product"}],"replies":[{"embeddable":true,"href":"https:\/\/k01.com.br\/10k\/wp-json\/wp\/v2\/comments?post=1787"}],"wp:featuredmedia":[{"embeddable":true,"href":"https:\/\/k01.com.br\/10k\/wp-json\/wp\/v2\/media\/1781"}],"wp:attachment":[{"href":"https:\/\/k01.com.br\/10k\/wp-json\/wp\/v2\/media?parent=1787"}],"wp:term":[{"taxonomy":"product_cat","embeddable":true,"href":"https:\/\/k01.com.br\/10k\/wp-json\/wp\/v2\/product_cat?post=1787"},{"taxonomy":"product_tag","embeddable":true,"href":"https:\/\/k01.com.br\/10k\/wp-json\/wp\/v2\/product_tag?post=1787"}],"curies":[{"name":"wp","href":"https:\/\/api.w.org\/{rel}","templated":true}]}}