{"id":429,"date":"2024-02-19T09:09:18","date_gmt":"2024-02-19T12:09:18","guid":{"rendered":"https:\/\/k01.com.br\/10k\/?post_type=product&#038;p=429"},"modified":"2026-03-14T12:51:04","modified_gmt":"2026-03-14T15:51:04","slug":"lideranca-inclusiva-como-abrir-espaco-para-a-singularidade-humana-no-ambiente-de-trabalho","status":"publish","type":"product","link":"https:\/\/k01.com.br\/10k\/produto\/lideranca-inclusiva-como-abrir-espaco-para-a-singularidade-humana-no-ambiente-de-trabalho\/","title":{"rendered":"Cole\u00e7\u00e3o Quantum Criativo Conex\u00f5es n\u00ba 2: Lideran\u00e7a Inclusiva: Como abrir espa\u00e7o para a singularidade humana no ambiente de trabalho"},"content":{"rendered":"<p>Desta vez, o prazer \u00e9 em apresentar a voc\u00ea o meu novo ebook sobre \u201clideran\u00e7a Inclusiva: como criar espa\u00e7o para a singularidade humana no ambiente de trabalho\u201d.<\/p>\n<p>Esse livro \u00e9 dedicado a apresentar estrat\u00e9gias, ferramentas, recursos e dicas sobre como desenvolver uma lideran\u00e7a Inclusiva e de como o RH pode implementar pol\u00edticas de inclus\u00e3o que realmente fa\u00e7am a diferen\u00e7a na organiza\u00e7\u00e3o e na vida das pessoas.<\/p>\n<p>Um ebook cheio de informa\u00e7\u00f5es sobre os benef\u00edcios que uma implanta\u00e7\u00e3o bem realizada traz para a empresa, al\u00e9m de permitir um espa\u00e7o real para que as pessoas manifestem o seu melhor.<\/p>\n<p>Somos singulares e todos temos muito a contribuir!<\/p>\n<p>Esse ebook faz parte da pesquisa para a Live n\u00ba 2 do Canal Quantum Criativo Conex\u00f5es, quando Carolina Ignarra comentou aspectos interessantes sobre o tema.<br \/>\nLink da live no Youtube: <a href=\"https:\/\/www.youtube.com\/watch?v=7SVQ6olAu8w\">https:\/\/www.youtube.com\/watch?v=7SVQ6olAu8w<\/a><\/p>\n<p>E a proposta do Canal \u00e9 dedicar espa\u00e7o para discuss\u00e3o de temas corporativos da atualidade, sempre com um convidado especialista no assunto. Fique atento. Todo m\u00eas tem um tema e um ebook interessante e rico em dicas!<\/p>\n","protected":false},"excerpt":{"rendered":"<p>Esse livro \u00e9 dedicado a apresentar estrat\u00e9gias, ferramentas, recursos e dicas sobre como desenvolver uma lideran\u00e7a Inclusiva e de como o RH pode implementar pol\u00edticas de inclus\u00e3o que realmente fa\u00e7am a diferen\u00e7a na organiza\u00e7\u00e3o e na vida das pessoas.<\/p>\n<p>Um ebook cheio de informa\u00e7\u00f5es sobre os benef\u00edcios que uma implanta\u00e7\u00e3o bem realizada traz para a empresa, al\u00e9m de permitir um espa\u00e7o real para que as pessoas manifestem o seu melhor.<\/p>\n<p>Somos singulares e todos temos muito a contribuir!<\/p>\n<p>Ebook N\u00ba 2 da s\u00e9rie Quantum Criativo: Conex\u00f5es<br \/>\nRelativa \u00e0 live:\u00a0&#8220;\u201cINCLUSIVIDADE\u201d como resgate da nossa HUMANIDADE<br \/>\nLink da live no Youtube: <a href=\"https:\/\/www.youtube.com\/watch?v=y_WoEq_4MVY\">https:\/\/www.youtube.com\/watch?v=7SVQ6olAu8w<\/a><\/p>\n","protected":false},"featured_media":421,"comment_status":"open","ping_status":"closed","template":"","meta":{"_joinchat":[]},"product_cat":[19],"product_tag":[35,23,34,33,22,24],"class_list":{"0":"post-429","1":"product","2":"type-product","3":"status-publish","4":"has-post-thumbnail","6":"product_cat-quantum-criativo-conexoes","7":"product_tag-diversidade","8":"product_tag-futuro","9":"product_tag-inclusao","10":"product_tag-inclusividade","11":"product_tag-negocios","12":"product_tag-quantum-criativo","14":"first","15":"instock","16":"sale","17":"downloadable","18":"taxable","19":"shipping-taxable","20":"purchasable","21":"product-type-simple"},"jetpack_sharing_enabled":true,"_links":{"self":[{"href":"https:\/\/k01.com.br\/10k\/wp-json\/wp\/v2\/product\/429","targetHints":{"allow":["GET"]}}],"collection":[{"href":"https:\/\/k01.com.br\/10k\/wp-json\/wp\/v2\/product"}],"about":[{"href":"https:\/\/k01.com.br\/10k\/wp-json\/wp\/v2\/types\/product"}],"replies":[{"embeddable":true,"href":"https:\/\/k01.com.br\/10k\/wp-json\/wp\/v2\/comments?post=429"}],"wp:featuredmedia":[{"embeddable":true,"href":"https:\/\/k01.com.br\/10k\/wp-json\/wp\/v2\/media\/421"}],"wp:attachment":[{"href":"https:\/\/k01.com.br\/10k\/wp-json\/wp\/v2\/media?parent=429"}],"wp:term":[{"taxonomy":"product_cat","embeddable":true,"href":"https:\/\/k01.com.br\/10k\/wp-json\/wp\/v2\/product_cat?post=429"},{"taxonomy":"product_tag","embeddable":true,"href":"https:\/\/k01.com.br\/10k\/wp-json\/wp\/v2\/product_tag?post=429"}],"curies":[{"name":"wp","href":"https:\/\/api.w.org\/{rel}","templated":true}]}}