{"id":454,"date":"2024-02-19T15:56:25","date_gmt":"2024-02-19T18:56:25","guid":{"rendered":"https:\/\/k01.com.br\/10k\/?post_type=product&#038;p=454"},"modified":"2024-08-22T09:34:14","modified_gmt":"2024-08-22T12:34:14","slug":"chatgpt-para-escrita-de-ficcao-ganhe-dinheiro-usando-a-inteligencia-artificial-ebook-kindle","status":"publish","type":"product","link":"https:\/\/k01.com.br\/10k\/produto\/chatgpt-para-escrita-de-ficcao-ganhe-dinheiro-usando-a-inteligencia-artificial-ebook-kindle\/","title":{"rendered":"ChatGPT Para Escrita de Fic\u00e7\u00e3o: Ganhe Dinheiro Usando a Intelig\u00eancia Artificial \u2022 Ebook Kindle"},"content":{"rendered":"<p>\u201c<strong>ChatGPT para Escrita de Fic\u00e7\u00e3o: Ganhe Dinheiro Usando a Intelig\u00eancia Artificial<\/strong>&#8221; \u00e9 uma obra inovadora de\u00a0<strong>Humberto Em\u00edlio Massareto<\/strong>\u00a0que promete revolucionar a maneira como escritores de todos os n\u00edveis abordam a arte da narrativa.<\/p>\n<p>Combinando a expertise do autor em criatividade, inova\u00e7\u00e3o, e intelig\u00eancia artificial, este livro guia os leitores atrav\u00e9s das possibilidades quase infinitas que a IA pode oferecer para a escrita criativa. Desde a supera\u00e7\u00e3o do bloqueio do escritor at\u00e9 a explora\u00e7\u00e3o de novas t\u00e9cnicas narrativas, Massareto oferece insights valiosos e pr\u00e1ticos para integrar a tecnologia de ponta no processo criativo.<\/p>\n<p>Ao longo dos cap\u00edtulos, &#8220;ChatGPT para Escrita de Fic\u00e7\u00e3o&#8221; aborda desde a gera\u00e7\u00e3o de ideias iniciais, desenvolvimento de personagens complexos, at\u00e9 o aprimoramento de di\u00e1logos e tramas, com o aux\u00edlio do ChatGPT.<\/p>\n<p>Exerc\u00edcios, exemplos e 216 prompts para escritores s\u00e3o fornecidos para incentivar a pr\u00e1tica e a experimenta\u00e7\u00e3o, tornando este livro um recurso indispens\u00e1vel para quem deseja explorar novos horizontes liter\u00e1rios, e voc\u00ea tamb\u00e9m far\u00e1 parte de uma comunidade virtual, um grupo de WhatsApp, para trocas e atualiza\u00e7\u00f5es constantes.<\/p>\n<p>Al\u00e9m disso, Massareto discute como a escrita assistida por IA n\u00e3o apenas enriquece a experi\u00eancia criativa, mas tamb\u00e9m abre caminhos para a monetiza\u00e7\u00e3o da escrita de fic\u00e7\u00e3o.<\/p>\n<p>O livro \u00e9 um convite \u00e0 inova\u00e7\u00e3o, ao aprendizado cont\u00ednuo e \u00e0 pr\u00e1tica constante, prometendo desbloquear um potencial criativo inexplorado atrav\u00e9s da fus\u00e3o entre humanidade e tecnologia.<\/p>\n<p>Este livro \u00e9 para Voc\u00ea!<\/p>\n","protected":false},"excerpt":{"rendered":"<p>&#8220;<strong>ChatGPT para Escrita de Fic\u00e7\u00e3o: Ganhe Dinheiro Usando a Intelig\u00eancia Artificial<\/strong>&#8220;, de Humberto Em\u00edlio Massareto, \u00e9 um guia essencial que promete transformar a escrita criativa, abrindo portas para a utiliza\u00e7\u00e3o da intelig\u00eancia artificial na literatura. Com a experi\u00eancia do autor em \u00e1reas como criatividade e inova\u00e7\u00e3o, este livro explora as in\u00fameras possibilidades que a IA, especialmente o ChatGPT, oferece aos escritores. Massareto ensina como superar o bloqueio criativo, adotar novas t\u00e9cnicas narrativas e integrar tecnologias avan\u00e7adas ao processo de escrita, oferecendo ao leitor insights valiosos para enriquecer sua pr\u00e1tica liter\u00e1ria.<br \/>\nAo detalhar o uso do ChatGPT na gera\u00e7\u00e3o de ideias, desenvolvimento de personagens, e aprimoramento de di\u00e1logos e enredos, Massareto n\u00e3o s\u00f3 torna a escrita uma atividade mais acess\u00edvel como tamb\u00e9m abre caminhos para a monetiza\u00e7\u00e3o da arte liter\u00e1ria. O livro inclui exerc\u00edcios pr\u00e1ticos, 216 prompts para escritores e acesso a uma comunidade virtual para troca de experi\u00eancias, refor\u00e7ando o compromisso com a inova\u00e7\u00e3o e o aprendizado cont\u00ednuo. &#8220;ChatGPT para Escrita de Fic\u00e7\u00e3o&#8221; n\u00e3o \u00e9 apenas um manual t\u00e9cnico, mas um convite \u00e0 explora\u00e7\u00e3o criativa, marcando o encontro entre a humanidade e a tecnologia em prol da arte narrativa.<\/p>\n<p>141 p\u00e1ginas \u2022 Lan\u00e7amento FEV 2024 \u2022 Compat\u00edvel Kindle e app de leitura de EPUB<\/p>\n<section id=\"GUID-0C27A9F1-920B-4B99-A3EB-3E1C36D09C25__CONTEXT_41081EFD98014FB2B0237098A155FC77\" class=\"a-section\"><strong>Para enviar um eBook ao seu e-reader Kindle manualmente:<\/strong><\/section>\n<ol id=\"GUID-0C27A9F1-920B-4B99-A3EB-3E1C36D09C25__GUID-2A2A0D9E-1705-4D4E-8AC2-C1AE4F94646F\" class=\"a-ordered-list a-vertical\">\n<li id=\"GUID-0C27A9F1-920B-4B99-A3EB-3E1C36D09C25__STEP_6D08D12E84C34B2A9408785E4F18B3D1\"><span class=\"a-list-item\"><span id=\"GUID-0C27A9F1-920B-4B99-A3EB-3E1C36D09C25__GUID-4BDE1E0C-6EAD-4D19-AC1B-418BCA79796C\">Fa\u00e7a login na conta que voc\u00ea usou para comprar o eBook.<\/span><\/span><\/li>\n<li id=\"GUID-0C27A9F1-920B-4B99-A3EB-3E1C36D09C25__STEP_DA7C84448EE74678BB18B0B1E38E5C87\"><span class=\"a-list-item\"><span id=\"GUID-0C27A9F1-920B-4B99-A3EB-3E1C36D09C25__GUID-0ECECCC6-EE74-4EBD-B4EA-EB6A37D71130\">Na aba\u00a0<span id=\"GUID-0C27A9F1-920B-4B99-A3EB-3E1C36D09C25__GUID-7CD5EFB6-FB59-440B-B1CC-2216150B3C63\" class=\"a-text-bold\">Conte\u00fado<\/span>\u00a0do\u00a0<span id=\"GUID-0C27A9F1-920B-4B99-A3EB-3E1C36D09C25__GUID-361BB112-E42A-4698-9544-1D4D2B590651\"><span id=\"GUID-0C27A9F1-920B-4B99-A3EB-3E1C36D09C25__GUID-B7053E21-05AB-4968-AF50-99DADB369B45\"><span id=\"GUID-0C27A9F1-920B-4B99-A3EB-3E1C36D09C25__d7e20\" class=\"help-display-cond help-display-cond-hidden help-display-cond-rule-platform-DesktopBrowser help-display-cond-rule-platform-MobileBrowser help-display-cond-rule-platform-PhoneAppAndroid help-display-cond-rule-platform-TabletAppAndroid\"><a href=\"https:\/\/www.amazon.com.br\/mycd\" target=\"_blank\" rel=\"noopener\">Gerencie seu conte\u00fado e dispositivos<\/a><\/span><\/span><\/span>, clique no bloco\u00a0<strong id=\"GUID-0C27A9F1-920B-4B99-A3EB-3E1C36D09C25__GUID-80553DBB-88CB-4B00-A04B-89176A09E14C\">Livros<\/strong>.<\/span><\/span><\/li>\n<li id=\"GUID-0C27A9F1-920B-4B99-A3EB-3E1C36D09C25__STEP_5727A8C73BD34E1DB97D31CE73ACE7F4\"><span class=\"a-list-item\"><span id=\"GUID-0C27A9F1-920B-4B99-A3EB-3E1C36D09C25__GUID-43A52E38-07AC-4A8B-BC3B-23B446B1D7CE\">Clique em\u00a0<strong id=\"GUID-0C27A9F1-920B-4B99-A3EB-3E1C36D09C25__GUID-698CB028-E0F2-478C-9364-0CC543F3D1F0\">Enviar para dispositivo padr\u00e3o (ou) outros<\/strong>. Se voc\u00ea n\u00e3o tiver designado um dispositivo como padr\u00e3o, ser\u00e1 exibida uma lista de todos os dispositivos registrados nessa conta.<\/span><\/span><\/li>\n<li id=\"GUID-0C27A9F1-920B-4B99-A3EB-3E1C36D09C25__STEP_67AA36F3472D4A2FB06F96222AB03CBE\"><span class=\"a-list-item\"><span id=\"GUID-0C27A9F1-920B-4B99-A3EB-3E1C36D09C25__GUID-8EAC920D-025B-47EA-9EFF-F4F766385086\">Selecione seu leitor eletr\u00f4nico Kindle como dispositivo de destino e clique em\u00a0<strong id=\"GUID-0C27A9F1-920B-4B99-A3EB-3E1C36D09C25__GUID-9C93911E-A95E-4A15-A3D6-816304EE927D\">Enviar<\/strong><\/span><\/span><\/li>\n<\/ol>\n<p class=\"lead\"><strong>Use o aplicativo Kindle para come\u00e7ar a leitura no PC ou no Mac:<\/strong><\/p>\n<section id=\"GUID-EC2D1062-D311-4B6B-904A-B1241FE2B9E1__GUID-3D1CF722-1AAF-4745-8C91-E0FF7F0FA410\" class=\"a-section\">Sistemas operacionais compat\u00edveis:<\/p>\n<ul id=\"GUID-EC2D1062-D311-4B6B-904A-B1241FE2B9E1__UL_DE622CFF7201427C9900CB372DB62E31\" class=\"a-unordered-list a-vertical\">\n<li id=\"GUID-EC2D1062-D311-4B6B-904A-B1241FE2B9E1__LI_C3E15E757D8F42759E2AD35726718CB7\"><span class=\"a-list-item\">PC: Windows 8, 8.1, 10 ou 11.<\/span><\/li>\n<li id=\"GUID-EC2D1062-D311-4B6B-904A-B1241FE2B9E1__LI_B748705A27A1491B97F4EA60147EB70F\"><span class=\"a-list-item\">Mac: OS X 10.14 ou posterior<\/span><\/li>\n<\/ul>\n<div id=\"GUID-EC2D1062-D311-4B6B-904A-B1241FE2B9E1__GUID-99D4A72A-B140-4F50-AE16-7B9E1F4FBDB0\" class=\"note\"><strong>Nota:<\/strong>\u00a0Se o seu sistema operacional n\u00e3o for compat\u00edvel, use\u00a0<span id=\"GUID-EC2D1062-D311-4B6B-904A-B1241FE2B9E1__GUID-94A48FA3-8A85-41D1-9250-74270CF675E6\"><span id=\"GUID-EC2D1062-D311-4B6B-904A-B1241FE2B9E1__d11e28\" class=\"help-display-cond help-display-cond-hidden help-display-cond-rule-platform-DesktopBrowser help-display-cond-rule-platform-MobileBrowser help-display-cond-rule-platform-PhoneAppAndroid help-display-cond-rule-platform-TabletAppAndroid\"><a href=\"https:\/\/www.amazon.com.br\/KindleCloudReader\" target=\"_blank\" rel=\"noopener\">Kindle Cloud Reader<\/a><\/span><\/span>.<\/div>\n<\/section>\n<ol id=\"GUID-EC2D1062-D311-4B6B-904A-B1241FE2B9E1__STEPS_D02FB1567DAD49CFAF600D0A35B10862\" class=\"a-ordered-list a-vertical\">\n<li id=\"GUID-EC2D1062-D311-4B6B-904A-B1241FE2B9E1__STEP_8E835B413EC44DEEBAE4AF77E2CB944C\"><span class=\"a-list-item\"><span id=\"GUID-EC2D1062-D311-4B6B-904A-B1241FE2B9E1__GUID-FAEBBEEE-D6F8-4DC8-9054-97FC0DBD10E7\">Acesse\u00a0<span id=\"GUID-EC2D1062-D311-4B6B-904A-B1241FE2B9E1__GUID-790CFD53-EF7F-4530-99E7-F9276934D62A\"><span id=\"GUID-EC2D1062-D311-4B6B-904A-B1241FE2B9E1__d12e22\" class=\"help-display-cond help-display-cond-hidden help-display-cond-rule-platform-DesktopBrowser help-display-cond-rule-platform-MobileBrowser help-display-cond-rule-platform-PhoneAppAndroid help-display-cond-rule-platform-TabletAppAndroid\"><a href=\"https:\/\/www.amazon.com.br\/kindleapps\" target=\"_blank\" rel=\"noopener\">Baixar aplicativos Kindle<\/a><\/span><\/span>.<\/span><\/span><\/li>\n<li id=\"GUID-EC2D1062-D311-4B6B-904A-B1241FE2B9E1__STEP_6ED79D4B9C974D03AE97377D772F70B9\"><span class=\"a-list-item\"><span id=\"GUID-EC2D1062-D311-4B6B-904A-B1241FE2B9E1__GUID-A373868A-5C50-4958-AD66-02608AF89475\">Para que um link de download seja enviado diretamente para voc\u00ea, insira seu endere\u00e7o de e-mail e selecione\u00a0<span id=\"GUID-EC2D1062-D311-4B6B-904A-B1241FE2B9E1__GUID-417015DB-AF4B-4D2B-80E2-7B2C2613E785\" class=\"a-text-bold\">Enviar link<\/span>. Ou selecione\u00a0<span id=\"GUID-EC2D1062-D311-4B6B-904A-B1241FE2B9E1__GUID-B67B5670-5A3E-4C2C-ACAA-D352FA40CF50\" class=\"a-text-bold\">baixar<\/span>\u00a0para instalar o aplicativo Kindle diretamente no computador.<\/span><\/span><\/li>\n<li id=\"GUID-EC2D1062-D311-4B6B-904A-B1241FE2B9E1__STEP_6225896F4929458A816646EE798F1AFB\"><span class=\"a-list-item\"><span id=\"GUID-EC2D1062-D311-4B6B-904A-B1241FE2B9E1__GUID-554D8230-0D24-4392-8D37-258EB13C4820\">Quando o download estiver conclu\u00eddo, siga as instru\u00e7\u00f5es de instala\u00e7\u00e3o na tela.<\/span><\/span><\/li>\n<\/ol>\n","protected":false},"featured_media":497,"comment_status":"open","ping_status":"closed","template":"","meta":{"_joinchat":[]},"product_cat":[30,31,32],"product_tag":[21,37,38,23,20,36],"class_list":{"0":"post-454","1":"product","2":"type-product","3":"status-publish","4":"has-post-thumbnail","6":"product_cat-criatividade","7":"product_cat-inovacao","8":"product_cat-lideranca","9":"product_tag-criatividade","10":"product_tag-escrita","11":"product_tag-ficcao","12":"product_tag-futuro","13":"product_tag-inteligencia-artificial","14":"product_tag-massareto","16":"first","17":"instock","18":"sale","19":"downloadable","20":"taxable","21":"shipping-taxable","22":"purchasable","23":"product-type-simple"},"jetpack_sharing_enabled":true,"_links":{"self":[{"href":"https:\/\/k01.com.br\/10k\/wp-json\/wp\/v2\/product\/454","targetHints":{"allow":["GET"]}}],"collection":[{"href":"https:\/\/k01.com.br\/10k\/wp-json\/wp\/v2\/product"}],"about":[{"href":"https:\/\/k01.com.br\/10k\/wp-json\/wp\/v2\/types\/product"}],"replies":[{"embeddable":true,"href":"https:\/\/k01.com.br\/10k\/wp-json\/wp\/v2\/comments?post=454"}],"wp:featuredmedia":[{"embeddable":true,"href":"https:\/\/k01.com.br\/10k\/wp-json\/wp\/v2\/media\/497"}],"wp:attachment":[{"href":"https:\/\/k01.com.br\/10k\/wp-json\/wp\/v2\/media?parent=454"}],"wp:term":[{"taxonomy":"product_cat","embeddable":true,"href":"https:\/\/k01.com.br\/10k\/wp-json\/wp\/v2\/product_cat?post=454"},{"taxonomy":"product_tag","embeddable":true,"href":"https:\/\/k01.com.br\/10k\/wp-json\/wp\/v2\/product_tag?post=454"}],"curies":[{"name":"wp","href":"https:\/\/api.w.org\/{rel}","templated":true}]}}