{"id":594,"date":"2024-03-14T13:45:51","date_gmt":"2024-03-14T16:45:51","guid":{"rendered":"https:\/\/k01.com.br\/10k\/?post_type=product&#038;p=594"},"modified":"2026-03-14T12:55:46","modified_gmt":"2026-03-14T15:55:46","slug":"esp-01-uso-de-assessments-em-coaching-e-mentoria-resultados-mais-expressivos","status":"publish","type":"product","link":"https:\/\/k01.com.br\/10k\/produto\/esp-01-uso-de-assessments-em-coaching-e-mentoria-resultados-mais-expressivos\/","title":{"rendered":"Cole\u00e7\u00e3o Quantum Criativo Conex\u00f5es Edi\u00e7\u00e3o Especial 1: Uso de Assessments em Coaching e Mentoria &#8211; Resultados mais Expressivos"},"content":{"rendered":"<p>A proposta deste ebook \u00e9 apresentar particularidades na aplica\u00e7\u00e3o de assessments que permitam desfechos mais significativos para todos os envolvidos \u2013 para aqueles que conduzem as a\u00e7\u00f5es e para quem busca novas conclus\u00f5es \u2013 coach\/mentor e coachee\/mentorado.<\/p>\n<p>Esse livro trabalha aspectos essenciais tanto na aplica\u00e7\u00e3o de assessment como os principais benef\u00edcios no seu uso assertivo .<\/p>\n<p>Um ebook cheio de informa\u00e7\u00f5es de como um assessment pode ajudar, durante o processo de coaching e mentoria, com t\u00f3picos dif\u00edceis como gest\u00e3o de conflito, estresse, sinergia de equipes e feedback.<\/p>\n<p>Com certeza, esse ebook poder\u00e1 auxiliar voc\u00ea a usar as ferramentas excepcionais que temos \u00e0 disposi\u00e7\u00e3o, para compreender indiv\u00edduos e grupos e provocar mudan\u00e7as significativas para o desenvolvimento pessoal e profissional dos clientes.<\/p>\n<p>Detalhe fazem a diferen\u00e7a, com certeza!<\/p>\n<p>Esse ebook faz parte da pesquisa para \u00a0a live, que intitulamos: \u201cComo melhorar o desempenho de seus processos de mentoria e coaching\u201d, pelo Clube de Negociadores. Link no Youtube &#8211; <a href=\"https:\/\/www.youtube.com\/watch?v=eMWSWo0J1IQ\" target=\"_blank\" rel=\"noopener\">https:\/\/www.youtube.com\/watch?v=eMWSWo0J1IQ<\/a><\/p>\n<p>E pertence ao acervo do Canal Quantum Criativo Conex\u00f5es. A proposta do Canal \u00e9 dedicar espa\u00e7o para discuss\u00e3o de temas corporativos da atualidade, sempre com um convidado especialista no assunto. Fique atento. Todo m\u00eas tem um tema e um ebook interessante e rico em dicas!<\/p>\n<p>&nbsp;<\/p>\n","protected":false},"excerpt":{"rendered":"<p>Este ebook tem como objetivo explorar a efic\u00e1cia do uso de assessments no contexto de coaching e mentoria, visando gerar resultados mais impactantes tanto para os profissionais que aplicam estas ferramentas quanto para seus clientes. Ao detalhar a aplica\u00e7\u00e3o e os benef\u00edcios de uma abordagem assertiva, a publica\u00e7\u00e3o serve como um guia repleto de insights sobre como enfrentar desafios comuns, como gest\u00e3o de conflitos, estresse, melhoria da sinergia em equipe e t\u00e9cnicas de feedback, todos essenciais para o desenvolvimento pessoal e profissional.<\/p>\n<p>Al\u00e9m de ser uma ferramenta valiosa por si s\u00f3, este ebook tamb\u00e9m contribui para uma s\u00e9rie de discuss\u00f5es promovidas pelo Clube de Negociadores, integrando o acervo do Canal Quantum Criativo Conex\u00f5es. Este canal se dedica a debater temas corporativos relevantes da atualidade, trazendo especialistas para enriquecer o di\u00e1logo. Mantendo-se atualizado com as publica\u00e7\u00f5es mensais, os leitores t\u00eam \u00e0 disposi\u00e7\u00e3o um acervo de recursos ricos em dicas pr\u00e1ticas para otimizar processos de mentoria e coaching, evidenciando como detalhes podem realmente fazer a diferen\u00e7a.<\/p>\n","protected":false},"featured_media":592,"comment_status":"open","ping_status":"closed","template":"","meta":{"_joinchat":[]},"product_cat":[19],"product_tag":[110,112,23,111,22,24],"class_list":{"0":"post-594","1":"product","2":"type-product","3":"status-publish","4":"has-post-thumbnail","6":"product_cat-quantum-criativo-conexoes","7":"product_tag-assessments","8":"product_tag-coaching","9":"product_tag-futuro","10":"product_tag-mentoria","11":"product_tag-negocios","12":"product_tag-quantum-criativo","14":"first","15":"instock","16":"sale","17":"downloadable","18":"taxable","19":"shipping-taxable","20":"purchasable","21":"product-type-simple"},"jetpack_sharing_enabled":true,"_links":{"self":[{"href":"https:\/\/k01.com.br\/10k\/wp-json\/wp\/v2\/product\/594","targetHints":{"allow":["GET"]}}],"collection":[{"href":"https:\/\/k01.com.br\/10k\/wp-json\/wp\/v2\/product"}],"about":[{"href":"https:\/\/k01.com.br\/10k\/wp-json\/wp\/v2\/types\/product"}],"replies":[{"embeddable":true,"href":"https:\/\/k01.com.br\/10k\/wp-json\/wp\/v2\/comments?post=594"}],"wp:featuredmedia":[{"embeddable":true,"href":"https:\/\/k01.com.br\/10k\/wp-json\/wp\/v2\/media\/592"}],"wp:attachment":[{"href":"https:\/\/k01.com.br\/10k\/wp-json\/wp\/v2\/media?parent=594"}],"wp:term":[{"taxonomy":"product_cat","embeddable":true,"href":"https:\/\/k01.com.br\/10k\/wp-json\/wp\/v2\/product_cat?post=594"},{"taxonomy":"product_tag","embeddable":true,"href":"https:\/\/k01.com.br\/10k\/wp-json\/wp\/v2\/product_tag?post=594"}],"curies":[{"name":"wp","href":"https:\/\/api.w.org\/{rel}","templated":true}]}}