{"id":154,"date":"2016-03-04T18:19:57","date_gmt":"2016-03-04T21:19:57","guid":{"rendered":"https:\/\/k01.com.br\/?page_id=154"},"modified":"2016-03-08T15:50:36","modified_gmt":"2016-03-08T18:50:36","slug":"100-ideias","status":"publish","type":"page","link":"https:\/\/k01.com.br\/index.php\/100-ideias\/","title":{"rendered":"100 Ideias"},"content":{"rendered":"<img fetchpriority=\"high\" decoding=\"async\" data-attachment-id=\"155\" data-permalink=\"https:\/\/k01.com.br\/index.php\/100-ideias\/100ideias\/#main\" data-orig-file=\"https:\/\/k01.com.br\/wp-content\/uploads\/2016\/03\/100ideias.jpg\" data-orig-size=\"824,1424\" data-comments-opened=\"1\" data-image-meta=\"{&quot;aperture&quot;:&quot;0&quot;,&quot;credit&quot;:&quot;&quot;,&quot;camera&quot;:&quot;&quot;,&quot;caption&quot;:&quot;&quot;,&quot;created_timestamp&quot;:&quot;0&quot;,&quot;copyright&quot;:&quot;&quot;,&quot;focal_length&quot;:&quot;0&quot;,&quot;iso&quot;:&quot;0&quot;,&quot;shutter_speed&quot;:&quot;0&quot;,&quot;title&quot;:&quot;&quot;,&quot;orientation&quot;:&quot;0&quot;}\" data-image-title=\"100ideias\" data-image-description=\"\" data-image-caption=\"\" data-large-file=\"https:\/\/k01.com.br\/wp-content\/uploads\/2016\/03\/100ideias-593x1024.jpg\" class=\" wp-image-155 alignleft\" src=\"http:\/\/k01.com.br\/wp-content\/uploads\/2016\/03\/100ideias-174x300.jpg\" alt=\"100ideias\" width=\"222\" height=\"359\" \/>\n<p><strong>1 Desafio, 10 Minutos= 100 Ideias<\/strong><\/p>\n<p>O projeto nasceu do <strong>Desafio SEM Ideias X 100 Ideias<\/strong>, proposto no livro que lancei em 2015, &#8220;<strong>100 ideias para todos os seus Problemas e Desafios<\/strong>&#8220;, com segunda edi\u00e7\u00e3o prevista para o segundo semestre de 2016.\nSeja por meio de uma atividade presencial com 16 horas de dura\u00e7\u00e3o, ou aplicando as t\u00e9cnicas e ferramentas propostas no livro, prepare os profissionais de sua empresa para gerarem <strong>Ideias em Quantidade e com Qualidade em 3 simples passos<\/strong>:<\/p>\n<p><strong>Passo 1: Defina O Desafio<\/strong><strong>Passo 2: Processo Criativo &#8211; Gerar e Selecionar Ideias<\/strong><strong>Passo 3: Implementar a Solu\u00e7\u00e3o<\/strong><\/p>\n<p>Veja a seguir as empresas que j\u00e1 contrataram o WorkShop ou os Servi\u00e7os de Consultoria em <strong>Criatividade &amp; Inova\u00e7\u00e3o<\/strong> da K01, compostos por T\u00e9cnicas e Ferramentas para implementa\u00e7\u00e3o imediata.<\/p>\n<p>&nbsp;<\/p>\n<p>&nbsp;<\/p>\n<table border=\"0\" width=\"80%\" cellspacing=\"0\" cellpadding=\"0\">\n<tbody>\n<tr>\n<td style=\"width: 33%;vertical-align: top;text-align: center\">ABRAMAN\nAES\nAkzo Nobel\nBASF\nBayer\nBioVet\nBosch\nBraskem\nBRF\nCasas Pernambucanas\nCons. Reg. de Farm\u00e1cia-SP\nContax\nCOPEL-PR\nCPFL\nCSN\nDow Qu\u00edmica\nDuPont\nElektro\nEletrobr\u00e1s\nEleven\nEmbraer<\/td>\n<td style=\"width: 33%;vertical-align: top;text-align: center\">Fibria\nFIERGS\nFleury\nFurukawa\nGE\nGerdau\nGPA\nHSBC\nInstituto Butantan\nJohnsons Controls\nKimberly-Clark\nKlabin\nKraft Foods\nLiberty\nLilly\nLogum\nMondelez\nMonsanto\nMotorola\nMSD\nNatura<\/td>\n<td style=\"width: 33%;vertical-align: top;text-align: center\">Orion\nPetrobr\u00e1s\nPirelli\nPref. Mun. de Curitiba\nRaizen\nSabesp\nSEBRAE Nacional e UFs\nSiemens\nSindusfarma\nSuzano\nTAM\nTivit\nUltragaz\nUnindus-PR\nUniv. San Andr\u00e9s (Bol\u00edvia)\nVale\nVia Varejo\nVillares\nVivax\nVotorantim\nWhirpool<\/td>\n<\/tr>\n<\/tbody>\n<\/table>\n<p>&nbsp;<\/p>\n<p>Estrat\u00e9gia de <strong>Criatividade &amp; Inova\u00e7\u00e3o<\/strong> n\u00e3o \u00e9 privil\u00e9gio apenas das grandes empresas. Mais de 3000 Micro e Pequenos Neg\u00f3cios no Brasil j\u00e1 utilizam o<strong> Kit i9 SEBRAE<\/strong>, metodologia exclusivamente desenvolvida pela<strong> K01<\/strong> em parceria com a <strong>ANPEI<\/strong>.<\/p>\n<img decoding=\"async\" data-attachment-id=\"243\" data-permalink=\"https:\/\/k01.com.br\/index.php\/100-ideias\/100id\/#main\" data-orig-file=\"https:\/\/k01.com.br\/wp-content\/uploads\/2016\/03\/100id.jpg\" data-orig-size=\"600,300\" data-comments-opened=\"1\" data-image-meta=\"{&quot;aperture&quot;:&quot;0&quot;,&quot;credit&quot;:&quot;&quot;,&quot;camera&quot;:&quot;&quot;,&quot;caption&quot;:&quot;&quot;,&quot;created_timestamp&quot;:&quot;0&quot;,&quot;copyright&quot;:&quot;&quot;,&quot;focal_length&quot;:&quot;0&quot;,&quot;iso&quot;:&quot;0&quot;,&quot;shutter_speed&quot;:&quot;0&quot;,&quot;title&quot;:&quot;&quot;,&quot;orientation&quot;:&quot;0&quot;}\" data-image-title=\"100id\" data-image-description=\"\" data-image-caption=\"\" data-large-file=\"https:\/\/k01.com.br\/wp-content\/uploads\/2016\/03\/100id.jpg\" class=\"alignnone wp-image-243\" src=\"http:\/\/k01.com.br\/wp-content\/uploads\/2016\/03\/100id-300x150.jpg\" alt=\"100id\" width=\"687\" height=\"270\" \/>\n<p>Al\u00e9m da contrata\u00e7\u00e3o do consultor, o investimento inicial necess\u00e1rio para que sua empresa promova a <strong>Criatividade<\/strong> que vai gerar a <strong>Inova\u00e7\u00e3o<\/strong> \u00e9 apenas em treinamento, em l\u00e1pis e papel.<\/p>\n<p><a href=\"https:\/\/k01.com.br\/index.php\/contato\/\">Para mais informa\u00e7\u00f5es\u00a0sobre como implantar \u00a0<strong>Criatividade &amp; Inova\u00e7\u00e3o<\/strong> em sua empresa, clique aqui e envie uma mensagem.<\/a><\/p>","protected":false},"excerpt":{"rendered":"<p>1 Desafio, 10 Minutos= 100 Ideias O projeto nasceu do Desafio SEM Ideias X 100 Ideias, proposto no livro que lancei em 2015, &#8220;100 ideias para todos os seus Problemas e Desafios&#8220;, com segunda edi\u00e7\u00e3o prevista para o segundo semestre de 2016. Seja por meio de uma atividade presencial com 16 horas de dura\u00e7\u00e3o, ou<p class=\"more-link\"><a href=\"https:\/\/k01.com.br\/index.php\/100-ideias\/\" class=\"themebutton2\">READ MORE<\/a><\/p><\/p>","protected":false},"author":1,"featured_media":0,"parent":0,"menu_order":0,"comment_status":"closed","ping_status":"closed","template":"","meta":{"__cvm_playback_settings":[],"__cvm_video_id":"","jetpack_post_was_ever_published":false,"footnotes":""},"class_list":["post-154","page","type-page","status-publish","hentry"],"jetpack_sharing_enabled":true,"jetpack_shortlink":"https:\/\/wp.me\/P7fKy0-2u","jetpack-related-posts":[],"jetpack_likes_enabled":false,"_links":{"self":[{"href":"https:\/\/k01.com.br\/index.php\/wp-json\/wp\/v2\/pages\/154","targetHints":{"allow":["GET"]}}],"collection":[{"href":"https:\/\/k01.com.br\/index.php\/wp-json\/wp\/v2\/pages"}],"about":[{"href":"https:\/\/k01.com.br\/index.php\/wp-json\/wp\/v2\/types\/page"}],"author":[{"embeddable":true,"href":"https:\/\/k01.com.br\/index.php\/wp-json\/wp\/v2\/users\/1"}],"replies":[{"embeddable":true,"href":"https:\/\/k01.com.br\/index.php\/wp-json\/wp\/v2\/comments?post=154"}],"version-history":[{"count":7,"href":"https:\/\/k01.com.br\/index.php\/wp-json\/wp\/v2\/pages\/154\/revisions"}],"predecessor-version":[{"id":244,"href":"https:\/\/k01.com.br\/index.php\/wp-json\/wp\/v2\/pages\/154\/revisions\/244"}],"wp:attachment":[{"href":"https:\/\/k01.com.br\/index.php\/wp-json\/wp\/v2\/media?parent=154"}],"curies":[{"name":"wp","href":"https:\/\/api.w.org\/{rel}","templated":true}]}}