{"id":163,"date":"2016-03-04T22:10:37","date_gmt":"2016-03-05T01:10:37","guid":{"rendered":"https:\/\/k01.com.br\/?page_id=163"},"modified":"2016-03-08T19:50:50","modified_gmt":"2016-03-08T22:50:50","slug":"loja","status":"publish","type":"page","link":"https:\/\/k01.com.br\/index.php\/loja\/","title":{"rendered":"Loja"},"content":{"rendered":"<p>Aguarde, em mar\u00e7o a inaugura\u00e7\u00e3o da Loja Virtual da <strong>K01 Capital Intelectual<\/strong>.<\/p>\n<p>Livros, Revistas , e-books, DVDs, produtos e servi\u00e7os para promover a Criatividade e a Inova\u00e7\u00e3o.<\/p>\n<p><a href=\"https:\/\/k01.com.br\/index.php\/contato\/\">Se preferir, para consultas antecipadas, clique aqui e deixe uma mensagem para a K01.<\/a><\/p>\n<p>&nbsp;<\/p>\n<p>&nbsp;<\/p>","protected":false},"excerpt":{"rendered":"<p>Aguarde, em mar\u00e7o a inaugura\u00e7\u00e3o da Loja Virtual da K01 Capital Intelectual. Livros, Revistas , e-books, DVDs, produtos e servi\u00e7os para promover a Criatividade e a Inova\u00e7\u00e3o. Se preferir, para consultas antecipadas, clique aqui e deixe uma mensagem para a K01. &nbsp; &nbsp;<\/p>","protected":false},"author":1,"featured_media":0,"parent":0,"menu_order":0,"comment_status":"closed","ping_status":"closed","template":"","meta":{"__cvm_playback_settings":[],"__cvm_video_id":"","jetpack_post_was_ever_published":false,"footnotes":""},"class_list":["post-163","page","type-page","status-publish","hentry"],"jetpack_sharing_enabled":true,"jetpack_shortlink":"https:\/\/wp.me\/P7fKy0-2D","jetpack-related-posts":[],"jetpack_likes_enabled":false,"_links":{"self":[{"href":"https:\/\/k01.com.br\/index.php\/wp-json\/wp\/v2\/pages\/163","targetHints":{"allow":["GET"]}}],"collection":[{"href":"https:\/\/k01.com.br\/index.php\/wp-json\/wp\/v2\/pages"}],"about":[{"href":"https:\/\/k01.com.br\/index.php\/wp-json\/wp\/v2\/types\/page"}],"author":[{"embeddable":true,"href":"https:\/\/k01.com.br\/index.php\/wp-json\/wp\/v2\/users\/1"}],"replies":[{"embeddable":true,"href":"https:\/\/k01.com.br\/index.php\/wp-json\/wp\/v2\/comments?post=163"}],"version-history":[{"count":3,"href":"https:\/\/k01.com.br\/index.php\/wp-json\/wp\/v2\/pages\/163\/revisions"}],"predecessor-version":[{"id":311,"href":"https:\/\/k01.com.br\/index.php\/wp-json\/wp\/v2\/pages\/163\/revisions\/311"}],"wp:attachment":[{"href":"https:\/\/k01.com.br\/index.php\/wp-json\/wp\/v2\/media?parent=163"}],"curies":[{"name":"wp","href":"https:\/\/api.w.org\/{rel}","templated":true}]}}