{"id":1874,"date":"2017-12-16T11:23:41","date_gmt":"2017-12-16T14:23:41","guid":{"rendered":"https:\/\/k01.com.br\/?page_id=1874"},"modified":"2017-12-18T10:53:12","modified_gmt":"2017-12-18T13:53:12","slug":"posts","status":"publish","type":"page","link":"https:\/\/k01.com.br\/index.php\/posts\/","title":{"rendered":"Seja Exponencial"},"content":{"rendered":"<h4 style=\"text-align: center\"><img fetchpriority=\"high\" decoding=\"async\" data-attachment-id=\"2277\" data-permalink=\"https:\/\/k01.com.br\/index.php\/posts\/xponencial_banner\/#main\" data-orig-file=\"https:\/\/k01.com.br\/wp-content\/uploads\/2017\/12\/xponencial_banner.jpg\" data-orig-size=\"850,314\" data-comments-opened=\"1\" data-image-meta=\"{&quot;aperture&quot;:&quot;0&quot;,&quot;credit&quot;:&quot;&quot;,&quot;camera&quot;:&quot;&quot;,&quot;caption&quot;:&quot;&quot;,&quot;created_timestamp&quot;:&quot;0&quot;,&quot;copyright&quot;:&quot;&quot;,&quot;focal_length&quot;:&quot;0&quot;,&quot;iso&quot;:&quot;0&quot;,&quot;shutter_speed&quot;:&quot;0&quot;,&quot;title&quot;:&quot;&quot;,&quot;orientation&quot;:&quot;0&quot;}\" data-image-title=\"xponencial_banner\" data-image-description=\"\" data-image-caption=\"\" data-large-file=\"https:\/\/k01.com.br\/wp-content\/uploads\/2017\/12\/xponencial_banner.jpg\" class=\"alignnone wp-image-2277 size-full\" src=\"http:\/\/k01.com.br\/wp-content\/uploads\/2017\/12\/xponencial_banner.jpg\" alt=\"\" width=\"850\" height=\"314\" srcset=\"https:\/\/k01.com.br\/wp-content\/uploads\/2017\/12\/xponencial_banner.jpg 850w, https:\/\/k01.com.br\/wp-content\/uploads\/2017\/12\/xponencial_banner-600x222.jpg 600w, https:\/\/k01.com.br\/wp-content\/uploads\/2017\/12\/xponencial_banner-300x111.jpg 300w, https:\/\/k01.com.br\/wp-content\/uploads\/2017\/12\/xponencial_banner-768x284.jpg 768w\" sizes=\"(max-width: 850px) 100vw, 850px\" \/><\/h4>\n<h2 style=\"text-align: center\"><strong>CONFIRA AQUI AS \u00daLTIMAS NOT\u00cdCIAS NA M\u00cdDIA.<\/strong><\/h2>\n<h4 style=\"text-align: center\"><strong>Para ver um tema espec\u00edfico, clique no link abaixo.<\/strong><\/h4>\n<h4 style=\"text-align: center\"><strong>| <a href=\"https:\/\/k01.com.br\/index.php\/big-data-news\/\">Big Data<\/a> | <a href=\"https:\/\/k01.com.br\/index.php\/criatividade-news\/\">Criatividade<\/a> | <a href=\"https:\/\/k01.com.br\/index.php\/design-thinking-news\/\">Design Thinking<\/a> | <a href=\"https:\/\/k01.com.br\/index.php\/inovacao-news\/\">Inova\u00e7\u00e3o<\/a> | <a href=\"https:\/\/k01.com.br\/index.php\/organizacoes-exponenciais-news\/\">Organiza\u00e7\u00f5es Exponenciais<\/a> |<\/strong><\/h4>\n<h4>[wp-rss-aggregator]<\/h4>","protected":false},"excerpt":{"rendered":"<p>CONFIRA AQUI AS \u00daLTIMAS NOT\u00cdCIAS NA M\u00cdDIA. Para ver um tema espec\u00edfico, clique no link abaixo. | Big Data | Criatividade | Design Thinking | Inova\u00e7\u00e3o | Organiza\u00e7\u00f5es Exponenciais | [wp-rss-aggregator]<\/p>","protected":false},"author":1,"featured_media":2277,"parent":0,"menu_order":0,"comment_status":"closed","ping_status":"closed","template":"","meta":{"__cvm_playback_settings":[],"__cvm_video_id":"","jetpack_post_was_ever_published":false,"footnotes":""},"class_list":["post-1874","page","type-page","status-publish","has-post-thumbnail","hentry"],"jetpack_sharing_enabled":true,"jetpack_shortlink":"https:\/\/wp.me\/P7fKy0-ue","jetpack-related-posts":[],"jetpack_likes_enabled":false,"_links":{"self":[{"href":"https:\/\/k01.com.br\/index.php\/wp-json\/wp\/v2\/pages\/1874","targetHints":{"allow":["GET"]}}],"collection":[{"href":"https:\/\/k01.com.br\/index.php\/wp-json\/wp\/v2\/pages"}],"about":[{"href":"https:\/\/k01.com.br\/index.php\/wp-json\/wp\/v2\/types\/page"}],"author":[{"embeddable":true,"href":"https:\/\/k01.com.br\/index.php\/wp-json\/wp\/v2\/users\/1"}],"replies":[{"embeddable":true,"href":"https:\/\/k01.com.br\/index.php\/wp-json\/wp\/v2\/comments?post=1874"}],"version-history":[{"count":32,"href":"https:\/\/k01.com.br\/index.php\/wp-json\/wp\/v2\/pages\/1874\/revisions"}],"predecessor-version":[{"id":2288,"href":"https:\/\/k01.com.br\/index.php\/wp-json\/wp\/v2\/pages\/1874\/revisions\/2288"}],"wp:featuredmedia":[{"embeddable":true,"href":"https:\/\/k01.com.br\/index.php\/wp-json\/wp\/v2\/media\/2277"}],"wp:attachment":[{"href":"https:\/\/k01.com.br\/index.php\/wp-json\/wp\/v2\/media?parent=1874"}],"curies":[{"name":"wp","href":"https:\/\/api.w.org\/{rel}","templated":true}]}}