{"id":212,"date":"2016-03-08T13:11:47","date_gmt":"2016-03-08T16:11:47","guid":{"rendered":"https:\/\/k01.com.br\/?page_id=212"},"modified":"2016-03-08T14:01:07","modified_gmt":"2016-03-08T17:01:07","slug":"212-2","status":"publish","type":"page","link":"https:\/\/k01.com.br\/index.php\/212-2\/","title":{"rendered":"Nuvem de Tags"},"content":{"rendered":"<div style=\"width: 100%;height: 700px;padding-bottom: 30px\">\n\n<a href=\"http:\/\/cdn.tagul.com\/embed\/cqxwf30msjxq\">http:\/\/cdn.tagul.com\/embed\/cqxwf30msjxq<\/a><!-- Please don't remove attribution to Tagul.com -->\n<div>Esta \u00e9 uma nuvem de tags interativa, baseada em <strong>Tagul<\/strong>.<\/div>\n<div>Ela pode ser constru\u00edda em diferentes formatos (shapes) e com cores \u00e0 sua escolha.<\/div>\n<div>Ela tamb\u00e9m pode ser programada para fazer uma busca em um site ou em um sistema p\u00fablico de buscas, desde que este tenha a funcionalidade dispon\u00edvel. Por exemplo, a nuvem acima est\u00e1 programada para buscar as palavras que a comp\u00f5e no site da K01. Experimente!<\/div>\n<\/div>","protected":false},"excerpt":{"rendered":"<p><a href=\"http:\/\/cdn.tagul.com\/embed\/cqxwf30msjxq\">http:\/\/cdn.tagul.com\/embed\/cqxwf30msjxq<\/a> Esta \u00e9 uma nuvem de tags interativa, baseada em Tagul. Ela pode ser constru\u00edda em diferentes formatos (shapes) e com cores \u00e0 sua escolha. Ela tamb\u00e9m pode ser programada para fazer uma busca em um site ou em um sistema p\u00fablico de buscas, desde que este tenha a funcionalidade dispon\u00edvel. Por exemplo, a nuvem<p class=\"more-link\"><a href=\"https:\/\/k01.com.br\/index.php\/212-2\/\" class=\"themebutton2\">READ MORE<\/a><\/p><\/p>","protected":false},"author":1,"featured_media":0,"parent":0,"menu_order":0,"comment_status":"closed","ping_status":"closed","template":"","meta":{"__cvm_playback_settings":[],"__cvm_video_id":"","footnotes":""},"class_list":["post-212","page","type-page","status-publish","hentry"],"jetpack_sharing_enabled":true,"jetpack_shortlink":"https:\/\/wp.me\/P7fKy0-3q","jetpack-related-posts":[],"jetpack_likes_enabled":false,"_links":{"self":[{"href":"https:\/\/k01.com.br\/index.php\/wp-json\/wp\/v2\/pages\/212","targetHints":{"allow":["GET"]}}],"collection":[{"href":"https:\/\/k01.com.br\/index.php\/wp-json\/wp\/v2\/pages"}],"about":[{"href":"https:\/\/k01.com.br\/index.php\/wp-json\/wp\/v2\/types\/page"}],"author":[{"embeddable":true,"href":"https:\/\/k01.com.br\/index.php\/wp-json\/wp\/v2\/users\/1"}],"replies":[{"embeddable":true,"href":"https:\/\/k01.com.br\/index.php\/wp-json\/wp\/v2\/comments?post=212"}],"version-history":[{"count":8,"href":"https:\/\/k01.com.br\/index.php\/wp-json\/wp\/v2\/pages\/212\/revisions"}],"predecessor-version":[{"id":214,"href":"https:\/\/k01.com.br\/index.php\/wp-json\/wp\/v2\/pages\/212\/revisions\/214"}],"wp:attachment":[{"href":"https:\/\/k01.com.br\/index.php\/wp-json\/wp\/v2\/media?parent=212"}],"curies":[{"name":"wp","href":"https:\/\/api.w.org\/{rel}","templated":true}]}}