{"id":225,"date":"2016-03-08T14:02:37","date_gmt":"2016-03-08T17:02:37","guid":{"rendered":"https:\/\/k01.com.br\/?page_id=225"},"modified":"2016-03-08T14:17:35","modified_gmt":"2016-03-08T17:17:35","slug":"criatividade-video","status":"publish","type":"page","link":"https:\/\/k01.com.br\/index.php\/criatividade-video\/","title":{"rendered":"Criatividade &#8211; V\u00eddeo"},"content":{"rendered":"<iframe src=\"https:\/\/player.vimeo.com\/video\/113916506\" width=\"500\" height=\"392\" frameborder=\"0\" allowfullscreen=\"allowfullscreen\"><\/iframe>\n<p><a href=\"https:\/\/vimeo.com\/113916506\">DVD: 1 Clipe de Papel. 10 Minutos: 100 Ideias<\/a>\npor:\u00a0<a href=\"https:\/\/vimeo.com\/user28334422\">Humberto Massareto<\/a>\u00a0em\u00a0<a href=\"https:\/\/vimeo.com\">Vimeo<\/a>.<\/p>\n<p>Neste curso em DVD com 4 horas de dura\u00e7\u00e3o, produzido pela DTCOM-Curitiba, s\u00e3o exploradas ferramentas e t\u00e9cnicas da Criatividade para voc\u00ea utilizar em seu dia-a-dia, e assim\u00a0obter imediatamente resultados diferenciados, encantadores, ou inovadores, tanto em sua performance pessoal, quanto na performance criativa das pessoas de sua equipe.<\/p>\n<p><a href=\"https:\/\/k01.com.br\/presta\">Para\u00a0adquirir este curso em DVD, clique aqui.<\/a><\/p>\n<p><a href=\"https:\/\/k01.com.br\/index.php\/contato\/\">(Produto temporariamente indispon\u00edvel, clique aqui e solicite reserva)<\/a><\/p>\n<p><a href=\"https:\/\/k01.com.br\/index.php\/contato\/\">Para mais informa\u00e7\u00f5es sobre este curso presencial, modalidade in company, clique aqui e preencha os dados, ou ligue para (11) 9.4716-4301.<\/a><\/p>","protected":false},"excerpt":{"rendered":"<p>DVD: 1 Clipe de Papel. 10 Minutos: 100 Ideias por:\u00a0Humberto Massareto\u00a0em\u00a0Vimeo. Neste curso em DVD com 4 horas de dura\u00e7\u00e3o, produzido pela DTCOM-Curitiba, s\u00e3o exploradas ferramentas e t\u00e9cnicas da Criatividade para voc\u00ea utilizar em seu dia-a-dia, e assim\u00a0obter imediatamente resultados diferenciados, encantadores, ou inovadores, tanto em sua performance pessoal, quanto na performance criativa das pessoas<p class=\"more-link\"><a href=\"https:\/\/k01.com.br\/index.php\/criatividade-video\/\" class=\"themebutton2\">READ MORE<\/a><\/p><\/p>","protected":false},"author":1,"featured_media":0,"parent":0,"menu_order":0,"comment_status":"closed","ping_status":"closed","template":"","meta":{"__cvm_playback_settings":[],"__cvm_video_id":"","jetpack_post_was_ever_published":false,"footnotes":""},"class_list":["post-225","page","type-page","status-publish","hentry"],"jetpack_sharing_enabled":true,"jetpack_shortlink":"https:\/\/wp.me\/P7fKy0-3D","jetpack-related-posts":[],"jetpack_likes_enabled":false,"_links":{"self":[{"href":"https:\/\/k01.com.br\/index.php\/wp-json\/wp\/v2\/pages\/225","targetHints":{"allow":["GET"]}}],"collection":[{"href":"https:\/\/k01.com.br\/index.php\/wp-json\/wp\/v2\/pages"}],"about":[{"href":"https:\/\/k01.com.br\/index.php\/wp-json\/wp\/v2\/types\/page"}],"author":[{"embeddable":true,"href":"https:\/\/k01.com.br\/index.php\/wp-json\/wp\/v2\/users\/1"}],"replies":[{"embeddable":true,"href":"https:\/\/k01.com.br\/index.php\/wp-json\/wp\/v2\/comments?post=225"}],"version-history":[{"count":5,"href":"https:\/\/k01.com.br\/index.php\/wp-json\/wp\/v2\/pages\/225\/revisions"}],"predecessor-version":[{"id":227,"href":"https:\/\/k01.com.br\/index.php\/wp-json\/wp\/v2\/pages\/225\/revisions\/227"}],"wp:attachment":[{"href":"https:\/\/k01.com.br\/index.php\/wp-json\/wp\/v2\/media?parent=225"}],"curies":[{"name":"wp","href":"https:\/\/api.w.org\/{rel}","templated":true}]}}