{"id":231,"date":"2016-03-08T14:24:18","date_gmt":"2016-03-08T17:24:18","guid":{"rendered":"https:\/\/k01.com.br\/?page_id=231"},"modified":"2016-03-08T14:26:40","modified_gmt":"2016-03-08T17:26:40","slug":"story-telling-ou-video-historia","status":"publish","type":"page","link":"https:\/\/k01.com.br\/index.php\/story-telling-ou-video-historia\/","title":{"rendered":"Story Telling ou V\u00eddeo Hist\u00f3ria"},"content":{"rendered":"<iframe src=\"https:\/\/player.vimeo.com\/video\/156961527\" width=\"600\" height=\"338\" frameborder=\"0\" allowfullscreen=\"allowfullscreen\"><\/iframe>\n<p><a href=\"https:\/\/vimeo.com\/156961527\">Story Telling ou V\u00eddeo Hist\u00f3ria<\/a>\u00a0por\u00a0<a href=\"https:\/\/vimeo.com\/user28334422\">K01 Capital Intelectual<\/a>\u00a0em\u00a0<a href=\"https:\/\/vimeo.com\">Vimeo<\/a>.<\/p>\n<p>Story Telling ou Conta\u00e7\u00e3o de Hist\u00f3rias, \u00e9 a maneira visual de contar uma hist\u00f3ria, falar sobre um produto, transmitir um conceito ou ideia.\nA partir de um roteiro, podemos dar vida \u00e0 hist\u00f3ria que voc\u00ea quer contar.\n<a href=\"https:\/\/k01.com.br\/index.php\/contato\/\">Para saber mais sobre essa abordagem, clique aqui e envia uma mensagem para a K01.<\/a><\/p>","protected":false},"excerpt":{"rendered":"<p>Story Telling ou V\u00eddeo Hist\u00f3ria\u00a0por\u00a0K01 Capital Intelectual\u00a0em\u00a0Vimeo. Story Telling ou Conta\u00e7\u00e3o de Hist\u00f3rias, \u00e9 a maneira visual de contar uma hist\u00f3ria, falar sobre um produto, transmitir um conceito ou ideia. A partir de um roteiro, podemos dar vida \u00e0 hist\u00f3ria que voc\u00ea quer contar. Para saber mais sobre essa abordagem, clique aqui e envia uma<p class=\"more-link\"><a href=\"https:\/\/k01.com.br\/index.php\/story-telling-ou-video-historia\/\" class=\"themebutton2\">READ MORE<\/a><\/p><\/p>","protected":false},"author":1,"featured_media":0,"parent":0,"menu_order":0,"comment_status":"closed","ping_status":"closed","template":"","meta":{"__cvm_playback_settings":[],"__cvm_video_id":"","jetpack_post_was_ever_published":false,"footnotes":""},"class_list":["post-231","page","type-page","status-publish","hentry"],"jetpack_sharing_enabled":true,"jetpack_shortlink":"https:\/\/wp.me\/P7fKy0-3J","jetpack-related-posts":[],"jetpack_likes_enabled":false,"_links":{"self":[{"href":"https:\/\/k01.com.br\/index.php\/wp-json\/wp\/v2\/pages\/231","targetHints":{"allow":["GET"]}}],"collection":[{"href":"https:\/\/k01.com.br\/index.php\/wp-json\/wp\/v2\/pages"}],"about":[{"href":"https:\/\/k01.com.br\/index.php\/wp-json\/wp\/v2\/types\/page"}],"author":[{"embeddable":true,"href":"https:\/\/k01.com.br\/index.php\/wp-json\/wp\/v2\/users\/1"}],"replies":[{"embeddable":true,"href":"https:\/\/k01.com.br\/index.php\/wp-json\/wp\/v2\/comments?post=231"}],"version-history":[{"count":4,"href":"https:\/\/k01.com.br\/index.php\/wp-json\/wp\/v2\/pages\/231\/revisions"}],"predecessor-version":[{"id":233,"href":"https:\/\/k01.com.br\/index.php\/wp-json\/wp\/v2\/pages\/231\/revisions\/233"}],"wp:attachment":[{"href":"https:\/\/k01.com.br\/index.php\/wp-json\/wp\/v2\/media?parent=231"}],"curies":[{"name":"wp","href":"https:\/\/api.w.org\/{rel}","templated":true}]}}