{"id":304,"date":"2016-03-08T18:58:01","date_gmt":"2016-03-08T21:58:01","guid":{"rendered":"https:\/\/k01.com.br\/?page_id=304"},"modified":"2016-03-08T18:58:36","modified_gmt":"2016-03-08T21:58:36","slug":"11-regras-inegociaveis-k01","status":"publish","type":"page","link":"https:\/\/k01.com.br\/index.php\/11-regras-inegociaveis-k01\/","title":{"rendered":"11 Regras Inegoci\u00e1veis K01"},"content":{"rendered":"<header class=\"entry-header\">\n<div class=\"entry-meta\"><\/div>\n<div class=\"clearboth\">\u00a0<img fetchpriority=\"high\" decoding=\"async\" data-attachment-id=\"173\" data-permalink=\"https:\/\/k01.com.br\/index.php\/2016\/03\/04\/11-regras-inegociaveis-da-k01\/leis\/#main\" data-orig-file=\"https:\/\/k01.com.br\/wp-content\/uploads\/2016\/03\/leis-scaled.jpg\" data-orig-size=\"2560,1699\" data-comments-opened=\"1\" data-image-meta=\"{&quot;aperture&quot;:&quot;0&quot;,&quot;credit&quot;:&quot;&quot;,&quot;camera&quot;:&quot;&quot;,&quot;caption&quot;:&quot;&quot;,&quot;created_timestamp&quot;:&quot;0&quot;,&quot;copyright&quot;:&quot;&quot;,&quot;focal_length&quot;:&quot;0&quot;,&quot;iso&quot;:&quot;0&quot;,&quot;shutter_speed&quot;:&quot;0&quot;,&quot;title&quot;:&quot;&quot;,&quot;orientation&quot;:&quot;0&quot;}\" data-image-title=\"leis\" data-image-description=\"\" data-image-caption=\"\" data-large-file=\"https:\/\/k01.com.br\/wp-content\/uploads\/2016\/03\/leis-1024x679.jpg\" class=\"wp-image-173 alignnone\" src=\"http:\/\/i0.wp.com\/k01.com.br\/wp-content\/uploads\/2016\/03\/leis.jpg?resize=513%2C340\" sizes=\"(max-width: 513px) 100vw, 513px\" srcset=\"http:\/\/i0.wp.com\/k01.com.br\/wp-content\/uploads\/2016\/03\/leis.jpg?resize=300%2C199 300w, http:\/\/i0.wp.com\/k01.com.br\/wp-content\/uploads\/2016\/03\/leis.jpg?resize=768%2C510 768w, http:\/\/i0.wp.com\/k01.com.br\/wp-content\/uploads\/2016\/03\/leis.jpg?resize=1024%2C679 1024w\" alt=\"leis\" width=\"513\" height=\"341\"><\/div>\n<\/header>\n<div class=\"entry-content\">\n\nSe voc\u00ea j\u00e1 \u00e9 cliente da <strong>K01 Capital Intelectual<\/strong>, sabe muito bem como \u00e9 nossa rela\u00e7\u00e3o com nossos clientes: transparente e de parceria, estamos juntos no neg\u00f3cio.\n\n<span class=\"il\">E porque funciona t\u00e3o bem?\u00a0<\/span>\n<span class=\"il\">Ora, porque n\u00f3s seguimos nossas<\/span><strong><span class=\"il\"> 11<\/span> REGRAS <span class=\"il\">INEGOCI\u00c1VEIS<\/span> DE TRABALHO:<\/strong>\n<ol>\n\n<li>Somos S\u00f3cios do Cliente em cada projeto: Priorizamos seus Resultados!<\/li>\n\n<li>Somos especialistas em nossas \u00e1reas de atua\u00e7\u00e3o. Muito especialistas, mesmo!<\/li>\n\n<li>Nosso trabalho vale tanto quanto Pensamos.<\/li>\n\n<li>Respeitamos as Conformidades.<\/li>\n\n<li>Gostamos de Desafios.<\/li>\n\n<li>Se o Cliente est\u00e1 Feliz, N\u00f3s estamos Felizes!<\/li>\n\n<li>Poucos executam do jeito que n\u00f3s executamos e t\u00e3o bem quanto n\u00f3s executamos.<\/li>\n\n<li>N\u00e3o temos preconceito de Tamanho, Localiza\u00e7\u00e3o ou Segmento de Neg\u00f3cio.<\/li>\n\n<li>Desenvolvemos Solu\u00e7\u00f5es para nossos clientes como se fossem para N\u00f3s mesmos.<\/li>\n\n<li>Entregamos Produtos Finais Tang\u00edveis.<\/li>\n\n<li>Sempre voltamos para a Regra n\u00ba 1<\/li>\n<\/ol>\n<a href=\"https:\/\/k01.com.br\/index.php\/contato\/\">Estamos preparados para atender a toda demanda da sua empresa. Para saber mais, clique aqui e envie uma mensagem.<\/a>\n\n<\/div>","protected":false},"excerpt":{"rendered":"<p>\u00a0 Se voc\u00ea j\u00e1 \u00e9 cliente da K01 Capital Intelectual, sabe muito bem como \u00e9 nossa rela\u00e7\u00e3o com nossos clientes: transparente e de parceria, estamos juntos no neg\u00f3cio. E porque funciona t\u00e3o bem?\u00a0 Ora, porque n\u00f3s seguimos nossas 11 REGRAS INEGOCI\u00c1VEIS DE TRABALHO: Somos S\u00f3cios do Cliente em cada projeto: Priorizamos seus Resultados! Somos especialistas<p class=\"more-link\"><a href=\"https:\/\/k01.com.br\/index.php\/11-regras-inegociaveis-k01\/\" class=\"themebutton2\">READ MORE<\/a><\/p><\/p>","protected":false},"author":1,"featured_media":0,"parent":0,"menu_order":0,"comment_status":"closed","ping_status":"closed","template":"","meta":{"__cvm_playback_settings":[],"__cvm_video_id":"","jetpack_post_was_ever_published":false,"footnotes":""},"class_list":["post-304","page","type-page","status-publish","hentry"],"jetpack_sharing_enabled":true,"jetpack_shortlink":"https:\/\/wp.me\/P7fKy0-4U","jetpack-related-posts":[],"jetpack_likes_enabled":false,"_links":{"self":[{"href":"https:\/\/k01.com.br\/index.php\/wp-json\/wp\/v2\/pages\/304","targetHints":{"allow":["GET"]}}],"collection":[{"href":"https:\/\/k01.com.br\/index.php\/wp-json\/wp\/v2\/pages"}],"about":[{"href":"https:\/\/k01.com.br\/index.php\/wp-json\/wp\/v2\/types\/page"}],"author":[{"embeddable":true,"href":"https:\/\/k01.com.br\/index.php\/wp-json\/wp\/v2\/users\/1"}],"replies":[{"embeddable":true,"href":"https:\/\/k01.com.br\/index.php\/wp-json\/wp\/v2\/comments?post=304"}],"version-history":[{"count":2,"href":"https:\/\/k01.com.br\/index.php\/wp-json\/wp\/v2\/pages\/304\/revisions"}],"predecessor-version":[{"id":306,"href":"https:\/\/k01.com.br\/index.php\/wp-json\/wp\/v2\/pages\/304\/revisions\/306"}],"wp:attachment":[{"href":"https:\/\/k01.com.br\/index.php\/wp-json\/wp\/v2\/media?parent=304"}],"curies":[{"name":"wp","href":"https:\/\/api.w.org\/{rel}","templated":true}]}}