{"id":94662,"date":"2019-01-21T16:53:46","date_gmt":"2019-01-21T19:53:46","guid":{"rendered":"https:\/\/k01.com.br\/?page_id=94662"},"modified":"2019-01-22T09:39:15","modified_gmt":"2019-01-22T12:39:15","slug":"auto_conhecimento","status":"publish","type":"page","link":"https:\/\/k01.com.br\/index.php\/auto_conhecimento\/","title":{"rendered":"Auto Conhecimento: Experimento"},"content":{"rendered":"<p>\n<\/p>\n<p><!--StartFragment--><\/p>\n<figure class=\"wp-block-image\"><img fetchpriority=\"high\" decoding=\"async\" width=\"800\" height=\"600\" data-attachment-id=\"94656\" data-permalink=\"https:\/\/k01.com.br\/index.php\/auto-conhecimento\/autoconhecimento\/#main\" data-orig-file=\"https:\/\/k01.com.br\/wp-content\/uploads\/2019\/01\/autoconhecimento.jpg\" data-orig-size=\"800,600\" data-comments-opened=\"1\" data-image-meta=\"{&quot;aperture&quot;:&quot;0&quot;,&quot;credit&quot;:&quot;&quot;,&quot;camera&quot;:&quot;&quot;,&quot;caption&quot;:&quot;&quot;,&quot;created_timestamp&quot;:&quot;0&quot;,&quot;copyright&quot;:&quot;&quot;,&quot;focal_length&quot;:&quot;0&quot;,&quot;iso&quot;:&quot;0&quot;,&quot;shutter_speed&quot;:&quot;0&quot;,&quot;title&quot;:&quot;&quot;,&quot;orientation&quot;:&quot;0&quot;}\" data-image-title=\"autoconhecimento\" data-image-description=\"\" data-image-caption=\"\" data-large-file=\"https:\/\/k01.com.br\/wp-content\/uploads\/2019\/01\/autoconhecimento.jpg\" src=\"http:\/\/k01.com.br\/wp-content\/uploads\/2019\/01\/autoconhecimento.jpg\" alt=\"\" class=\"wp-image-94656\" srcset=\"https:\/\/k01.com.br\/wp-content\/uploads\/2019\/01\/autoconhecimento.jpg 800w, https:\/\/k01.com.br\/wp-content\/uploads\/2019\/01\/autoconhecimento-600x450.jpg 600w\" sizes=\"(max-width: 800px) 100vw, 800px\" \/><\/figure>\n<p class=\"has-medium-font-size\">Algumas pessoas me perguntaram sobre como foi a experi\u00eancia vivencial de auto-conhecimento de que participei nesse final de semana, em comemora\u00e7\u00e3o de meu anivers\u00e1rio.<br>Apesar de ser um pouco impessoal, vai ficar mais objetivo contar uma \u00fanica hist\u00f3ria, porque depois de ter contado uma vez, e em seguida ter recontado mais umas 10, percebi que bastava terminar para lembrar de algo a acrescentar.<\/p>\n<p class=\"has-medium-font-size\">Pouparei alguns detalhes que n\u00e3o fazem diferen\u00e7a. A experi\u00eancia foi um presente do cunhado Juliano. O mais legal \u00e9 que ele nem sabia que coincidiria com meu anivers\u00e1rio quando decidiu me presentear, ou seja, um acaso providencial, em que eu completei um n\u00famero redondo. Ali\u00e1s sobre n\u00fameros eu postei no FaceBook no dia 18 mesmo o que penso, n\u00e3o repetirei aqui.<br><\/p>\n<p class=\"has-medium-font-size\">A experi\u00eancia consistiu em uma jornada de 3 dias de rituais cerimonial\u00edsticos no espa\u00e7o Reconex\u00e3o Tr\u00edade &#8211; interior de S\u00e3o Paulo, orientados por meio de pr\u00e1ticas da floresta, para ampliar os canais de percep\u00e7\u00e3o, enfrentar os medos e os piores dem\u00f4nios, identificar pontos fortes a explorar para enfrentar os desafios, despertar e projetar aspectos adormecidos da consci\u00eancia e da auto-consci\u00eancia.<\/p>\n<p class=\"has-medium-font-size\">O local \u00e9 um s\u00edtio afastado da cidade de Embu-Gua\u00e7u, num lindo vale com 3 lagos, onde o \u00fanico sinal  de celular que chega, e chega bem fraco, \u00e9 o da Vivo, mas s\u00f3 se voc\u00ea subir no mais alto Pinheiro no alto de um pequeno monte. Ocorre que voc\u00ea n\u00e3o pode participar da experi\u00eancia se n\u00e3o deixar o celular no cofre na recep\u00e7\u00e3o do s\u00edtio, durante estes 3 dias, trata-se de desintoxica\u00e7\u00e3o tecno\u00e7ogica; tremendo desafio para quem, como eu, \u00e9 escravo dessas coisinhas retangulares e luminosas de bolsa e de bolso.<\/p>\n<p class=\"has-medium-font-size\">N\u00e3o espere por luxo; eu esperava. N\u00e3o espere por uma su\u00edte, nem mesmo uma simples, com banheiro privativo. Dividi um pequeno quarto com duas beliches e mais nada e  o banheiro que utilizei, era compartilhado com mais 15 pessoas. <\/p>\n<p class=\"has-medium-font-size\">N\u00e3o h\u00e1 mercado perto do s\u00edtio. Ali\u00e1s, n\u00e3o h\u00e1 mercado, venda, armaz\u00e9m, quitanda, feira livre, nem mesmo um boteco com uma mesa de bilhar com o veludo verde rasgado e uma l\u00e2mpada de 40W. <\/p>\n<p class=\"has-medium-font-size\">Nada. Nadinha de nada por perto. Voc\u00ea e o sil\u00eancio de mais cerca de 120 pessoas, jovens, adultos, crian\u00e7as. O luxo pelo qual esperava n\u00e3o fez falta. Nem lembrei que esperava por isso quando embarcava de volta para casa.<\/p>\n<p class=\"has-medium-font-size\">Descrever o que vivi, junto com mais 33 novatos e novatas, alguns veteranos e um grupo gentil de anjos e anjas da guarda, que recebem l\u00e1 o apelido de Volunt\u00e1rios, n\u00e3o \u00e9 significativo, uma vez que a experi\u00eancia de cada pessoa \u00e9 \u00fanica. Trata-se de auto-conhecimento e cada um e uma de n\u00f3s tem uma vida \u00fanica.<br>A cerim\u00f4nia consiste basicamente em mudar as vibra\u00e7\u00f5es de ondas mentais, por meio de sons &#8211; m\u00fasicas especialmente selecionadas numa sequ\u00eancia, de acordo com cada momento &#8211; cantos em diferentes idiomas, decora\u00e7\u00e3o minimalista do espa\u00e7o, para que se mantenha o foco, bebidas preparadas com ch\u00e1s de ervas da floresta amaz\u00f4nica e frutas pequenas por\u00e7\u00f5es de frutas frescas. O transe \u00e9 garantido por meio da cria\u00e7\u00e3o das condi\u00e7\u00f5es favor\u00e1veis aos canais de percep\u00e7\u00e3o e dos sentido.<br>Foi um total de 3 rituais em 3 dias, sendo um na noite de sexta para a manh\u00e3 de s\u00e1bado, um na tarde para noite de s\u00e1bado e um da noite de s\u00e1bado para o meio da manh\u00e3 de domingo.<\/p>\n<p class=\"has-medium-font-size\">A no\u00e7\u00e3o de tempo durante os cerimoniais \u00e9 &#8211; ou foi para mim &#8211; bastante distorcido, a ponto de em alguns momentos eu n\u00e3o saber identificar de imediato qual era o dia, nem se era dia ou noite.<br>Como disse, n\u00e3o mencionarei detalhes do ritual, que segue um roteiro muito bem organizado, nem do que vivi, por ser uma experi\u00eancia \u00fanica, a ser vivida individualmente, mas creio que n\u00e3o cometerei um pecado se compartilhar um dos aprendizados que trouxe comigo. <\/p>\n<p class=\"has-medium-font-size\">S\u00e3o 4 frases curtas, escritas numa placa no ambiente onde eram servidas as refei\u00e7oes, e tem a ver com Gratid\u00e3o. O que est\u00e1 entre par\u00eanteses depois de cada frase foi acrescentado por mim :<\/p>\n<p class=\"has-medium-font-size\"><strong>Sinto Muito<\/strong> (por tudo o que eu tenha feito e que possa ter magoado, machucado ou decepcionado voc\u00ea)<\/p>\n<p class=\"has-medium-font-size\"><strong>Me Perdoe<\/strong> (por ter feito isso que\/se magoou ou machucou ou decepcionou)<\/p>\n<p class=\"has-medium-font-size\"><strong>Amo Voc\u00ea<\/strong> (nas diferentes maneiras que h\u00e1 de se amar)<\/p>\n<p class=\"has-medium-font-size\"><strong>Sou Grato<\/strong> (pelo que me ensinou, pelo que n\u00e3o me ensinou e me obriguei a aprender, por fazer parte da minha hist\u00f3ria, por me perdoar e mesmo que n\u00e3o perdoe por eu receber esta li\u00e7\u00e3o<\/p>\n<p class=\"has-medium-font-size\">Eu sou do tipo de pessoa que j\u00e1 zombou dos excessos de Gratid\u00e3o que leio nas redes sociais, devido achar ser exagerado, e de fato percebi que eu n\u00e3o entendia Gratid\u00e3o por talvez nunca ter sido verdadeiramente Grato, ou por me recusar a s\u00ea-lo.<br>Quando voc\u00ea est\u00e1 sozinho, no escuro, e algu\u00e9m &#8211; um jovem, uma jovem que n\u00e3o conhece voc\u00ea &#8211; que poderia estar num barzinho, numa balada numa noite de sexta, vem te ajudar espontaneamente, apenas por que quis fazer isso, voc\u00ea come\u00e7a a entender o que \u00e9 Gratid\u00e3o; e o detalhe \u00e9 que na situa\u00e7\u00e3o em que voc\u00ea se encontra, n\u00e3o \u00e9 nem mesmo poss\u00edvel que voc\u00ea agrade\u00e7a depois, porque n\u00e3o d\u00e1 para ver quem ajudou voc\u00ea, foi uma entrega totalmente desinteressada, numa situa\u00e7\u00e3o em que eu jamais me vi antes.<br>Quando voc\u00ea projeta sua vida e se d\u00e1 conta das pessoas que j\u00e1 magoou ou pode ter magoado, e estas pessoas continuam ao seu lado, desinteressadamente, apenas porque amam voc\u00ea, de novo voc\u00ea come\u00e7a a ter uma no\u00e7\u00e3o leve do que seja a Gratid\u00e3o.<\/p>\n<p class=\"has-medium-font-size\">N\u00e3o se trata de abra\u00e7ar coqueiros e dizer que entrou em sintonia com a Natureza, mas voc\u00ea abra\u00e7ou seus medos, mancadas, pisadas na bola e iniciou um processo de entrar em sintonia com voc\u00ea mesmo.<br>A cada final de ritual cada Novata e Novato prestava um breve depoimento (ok, quem me conhece sabe que n\u00e3o sei ser breve, mas fui menos prolixo que o normal). Todos carregados de emo\u00e7\u00e3o, de reconhecimento da mudan\u00e7a pessoal, das perspectiva de fazer algo novo por si e pelas pessoas ao redor, e sempre e sempre, Gratid\u00e3o.<\/p>\n<p class=\"has-medium-font-size\">Meu \u00faltimo depoimento l\u00e1 declarado, quero compartilhar &#8211; pelo menos a parte que lembro &#8211; para que eu recorra a ele todas as vezes em que eu entender necess\u00e1rio. <\/p>\n<p class=\"has-medium-font-size\">E segue:<br>&#8220;J\u00e1 chorei de tristeza muitas vezes, igual a todo mundo; e tamb\u00e9m igual a todo mundo algumas vezes chorei de alegria; aqui, pela primeira vez, eu chorei por Gratid\u00e3o. <\/p>\n<p class=\"has-medium-font-size\">Sou grato \u00e0s pessoas que me conduziram no ritual pelos 3 dias, aos Volunt\u00e1rios e Volunt\u00e1rias que me deram suporte todas as vezes em que precisei, e sou imensamente grato a muitas pessoas em minha vida, que mesmo depois de coisas que fiz, e n\u00e3o me orgulho por ter feito, continuam a fazer parte de minha vida.<br>Esta noite mesmo, eu contei uma 15 vezes em que pedi ajuda para ir at\u00e9 o banheiro &#8211; o ch\u00e1 faz com que voc\u00ea perdesse um pouco &#8211; mentira, perdesse bastante &#8211; no\u00e7\u00e3o de espa\u00e7o e de equil\u00edbrio. Como contei 15 vezes, ent\u00e3o n\u00e3o ter ter sido mais do que 10 ou 12, ainda assim, o jovem que me acompanhou todas as vezes teve uma paci\u00eancia imensa, indo no meu ritmo extremamente lento, no percurso de uns 20 a 25 metros, para esperar em todas as vezes, ap\u00f3s alguns minutos, que eu sa\u00edsse e repetisse: n\u00e3o foi agora que fiz xixi. \u00c9 muito estranho, mas eu me sentia totalmente seco, desidratado, n\u00e3o tinha xixi para sair, mas uma tremenda vontade.<br>Estar aqui hoje \u00e9 um presente do Universo. N\u00e3o me refiro \u00e0 presen\u00e7a atual, mas ter chegado at\u00e9 aqui depois de 4,5 bilh\u00f5es de anos da hist\u00f3ria desse planeta. <\/p>\n<p class=\"has-medium-font-size\">Que quantidade incr\u00edvel de eventos ocorreram, se sucederam e se combinaram para que eu existisse: Big Bang, Meteoros, Vulc\u00f5es, Tsunamis, Guerras, Pragas, Epidemias, e toda minha ancestralidade sobreviveu a isso. Bastaria um girino n\u00e3o ter vingado em algum momento da hist\u00f3ria e eu n\u00e3o estaria aqui; bastaria que aquele girino que vingou e se transformou numa r\u00e3 n\u00e3o tivesse dado um salto apenas 3 cent\u00edmetros mais longo para fugir de um predador, e eu n\u00e3o estaria aqui. <br>Meus ancestrais sobreviveram \u00e0 escassez de comida, ao frio de eras glaciais, ao desemprego, \u00e0s guerras e \u00e0 toda a sorte de desafios, e eu estou aqui hoje, e sou grato. Devo ter protetores num plano que sempre olharam por mim, de novo sou Grato. Meus ancestrais e protetores acreditaram em mim, apesar de mim. N\u00e3o posso decepcion\u00e1-los e nem a mim.<\/p>\n<p class=\"has-medium-font-size\">Tenho que ser uma pessoa que mere\u00e7a tudo o que foi feito,e que o esfor\u00e7o deles tenha valido a pena, em respeito a eles. E \u00e9 assim que eu quero passar o bast\u00e3o adiante e ser motivo de orgulho para meus descendentes, sem a pretens\u00e3o de virar nome de rua, mas sim um pequeno pontinho no meio do caminho, que conecta o passado com o futuro, as duas pontas de uma hist\u00f3ria muito bonita.<br>Renasci.<br>E para que Voc\u00ea e Eu sempre nos lembremos:<\/p>\n<p class=\"has-medium-font-size\"><strong>Sinto Muito<\/strong><\/p>\n<p class=\"has-medium-font-size\"><strong>Me Perdoe<\/strong><\/p>\n<p class=\"has-medium-font-size\"><strong>Amo Voc\u00ea<\/strong><\/p>\n<p class=\"has-medium-font-size\"><strong>Sou Grato. Sou Muito Grato&#8221;<\/strong><\/p>\n<p class=\"has-medium-font-size\">Esse meu relato ou o que me lembro dele.<\/p>\n<p class=\"has-medium-font-size\">Se voc\u00ea pensar em algum momento passar por esta experi\u00eancia, quero dizer duas coisas:<\/p>\n<p class=\"has-medium-font-size\">_ Certamente minha qu\u00edmica interna ainda est\u00e1 sob algum efeito residual dos ch\u00e1s, e estou mais sentimental que o normal, n\u00e3o posso afirmar que isso permanecer\u00e1 assim, por quanto tempo vai permanecer e caso permane\u00e7a, com qual intensidade<\/p>\n<p class=\"has-medium-font-size\">_ Eu posso recomendar a experi\u00eancia, mas sugiro me chamar de novo em 15 ou 20 dias, quando j\u00e1 terei assimilado tudo, aplicado uma parte e avaliado alguns resultados. Se eu n\u00e3o tiver outra oportunidade para falar com voc\u00ea, ent\u00e3o a recomenda\u00e7\u00e3o nesse momento \u00e9: Sim, Viva esta experi\u00eancia.<\/p>\n<p class=\"has-medium-font-size\">Voc\u00ea vai conhecer um outro Voc\u00ea e vai se surpreender com isso!<\/p>\n<p><!--EndFragment--><\/p>\n<p><\/p>","protected":false},"excerpt":{"rendered":"<p>Algumas pessoas me perguntaram sobre como foi a experi\u00eancia vivencial de auto-conhecimento de que participei nesse final de semana, em comemora\u00e7\u00e3o de meu anivers\u00e1rio.Apesar de ser um pouco impessoal, vai ficar mais objetivo contar uma \u00fanica hist\u00f3ria, porque depois de ter contado uma vez, e em seguida ter recontado mais umas 10, percebi que bastava<p class=\"more-link\"><a href=\"https:\/\/k01.com.br\/index.php\/auto_conhecimento\/\" class=\"themebutton2\">READ MORE<\/a><\/p><\/p>","protected":false},"author":1,"featured_media":94656,"parent":0,"menu_order":0,"comment_status":"closed","ping_status":"closed","template":"","meta":{"__cvm_playback_settings":[],"__cvm_video_id":"","jetpack_post_was_ever_published":false,"footnotes":""},"class_list":["post-94662","page","type-page","status-publish","has-post-thumbnail","hentry"],"jetpack_sharing_enabled":true,"jetpack_shortlink":"https:\/\/wp.me\/P7fKy0-oCO","jetpack-related-posts":[],"jetpack_likes_enabled":true,"_links":{"self":[{"href":"https:\/\/k01.com.br\/index.php\/wp-json\/wp\/v2\/pages\/94662","targetHints":{"allow":["GET"]}}],"collection":[{"href":"https:\/\/k01.com.br\/index.php\/wp-json\/wp\/v2\/pages"}],"about":[{"href":"https:\/\/k01.com.br\/index.php\/wp-json\/wp\/v2\/types\/page"}],"author":[{"embeddable":true,"href":"https:\/\/k01.com.br\/index.php\/wp-json\/wp\/v2\/users\/1"}],"replies":[{"embeddable":true,"href":"https:\/\/k01.com.br\/index.php\/wp-json\/wp\/v2\/comments?post=94662"}],"version-history":[{"count":2,"href":"https:\/\/k01.com.br\/index.php\/wp-json\/wp\/v2\/pages\/94662\/revisions"}],"predecessor-version":[{"id":94788,"href":"https:\/\/k01.com.br\/index.php\/wp-json\/wp\/v2\/pages\/94662\/revisions\/94788"}],"wp:featuredmedia":[{"embeddable":true,"href":"https:\/\/k01.com.br\/index.php\/wp-json\/wp\/v2\/media\/94656"}],"wp:attachment":[{"href":"https:\/\/k01.com.br\/index.php\/wp-json\/wp\/v2\/media?parent=94662"}],"curies":[{"name":"wp","href":"https:\/\/api.w.org\/{rel}","templated":true}]}}